{"id":127,"date":"2025-10-16T11:08:08","date_gmt":"2025-10-16T11:08:08","guid":{"rendered":"http:\/\/plombier-paris.ovh\/?page_id=127"},"modified":"2025-11-02T12:54:50","modified_gmt":"2025-11-02T12:54:50","slug":"entreprise-plombier-paris","status":"publish","type":"page","link":"https:\/\/plombier-paris.ovh\/index.php\/entreprise-plombier-paris\/","title":{"rendered":"Entreprise Plombier Paris"},"content":{"rendered":"\n<p><strong>Plombier Paris et Val-de-Marne<\/strong><\/p>\n\n\n\n<p><strong>Plombier Paris est une entreprise dirig\u00e9e par un chef d\u2019entreprise riche de plus de 30 ans d\u2019exp\u00e9rience.<\/strong> <strong>Notre longue exp\u00e9rience est la garantie d\u2019un travail bien fait, ex\u00e9cut\u00e9 dans les r\u00e8gles de l\u2019art.<\/strong><\/p>\n\n\n\n<p>Que ce soit pour une installation nouvelle ou une r\u00e9novation de salle bain, de cuvette de toilettes ou d\u2019une cuisine. Notre \u00e9quipe est \u00e0 votre \u00e9coute pour mener \u00e0 bien vos projets en mati\u00e8re de plomberie sanitaire et travaux de finitions tels que le montage de meubles, carrelages ainsi que le coffrage des installations de plomberie.<\/p>\n\n\n\n<p>Plombier-Paris intervient rapidement. Notre \u00e9quipe de plombiers qualifi\u00e9s intervient 24 heures sur 24, 7 jours sur 7, pour r\u00e9soudre tous vos probl\u00e8mes de fuite d\u2019eau ou de gaz ou de canalisation bouch\u00e9e.&nbsp;<\/p>\n\n\n\n<p><\/p>\n\n\n\n<p class=\"has-secondary-color has-text-color has-link-color wp-elements-9ab710cf8c468622e0769e4dc7d6d8ac\"><\/p>\n\n\n\n<hr class=\"wp-block-separator has-alpha-channel-opacity\"\/>\n\n\n\n<div class=\"wp-block-group alignfull has-background-color is-layout-constrained wp-container-core-group-is-layout-5d2f8bdc wp-block-group-is-layout-constrained\" style=\"margin-top:0;margin-bottom:0;padding-top:var(--wp--preset--spacing--40);padding-right:var(--wp--preset--spacing--30);padding-bottom:var(--wp--preset--spacing--40);padding-left:var(--wp--preset--spacing--30)\">\n<div class=\"wp-block-group alignwide is-content-justification-space-between is-layout-flex wp-container-core-group-is-layout-b585a4aa wp-block-group-is-layout-flex\">\n<div class=\"wp-block-group is-layout-flex wp-block-group-is-layout-flex\"><\/div>\n\n\n\n<p class=\"has-secondary-color has-text-color has-link-color has-small-font-size wp-elements-8c11db1ad002c33135355cb1143b390f\"><\/p>\n<\/div>\n<\/div>\n\n\n\n<p><\/p>\n\n\n\n<p><\/p>\n\n\n\n<p><\/p>\n\n\n\n<p><\/p>\n\n\n\n<p><\/p>\n","protected":false},"excerpt":{"rendered":"<p>Plombier Paris et Val-de-Marne Plombier Paris est une entreprise dirig\u00e9e par un chef d\u2019entreprise riche [&hellip;]<\/p>\n","protected":false},"author":1,"featured_media":0,"parent":0,"menu_order":0,"comment_status":"closed","ping_status":"closed","template":"","meta":{"footnotes":""},"class_list":["post-127","page","type-page","status-publish","hentry"],"yoast_head":"<!-- This site is optimized with the Yoast SEO plugin v26.1.1 - https:\/\/yoast.com\/wordpress\/plugins\/seo\/ -->\n<title>Entreprise Plombier Paris - Informations l\u00e9gales<\/title>\n<meta name=\"robots\" content=\"index, follow, max-snippet:-1, max-image-preview:large, max-video-preview:-1\" \/>\n<link rel=\"canonical\" href=\"https:\/\/plombier-paris.ovh\/index.php\/entreprise-plombier-paris\/\" \/>\n<meta property=\"og:locale\" content=\"fr_FR\" \/>\n<meta property=\"og:type\" content=\"article\" \/>\n<meta property=\"og:title\" content=\"Entreprise Plombier Paris - Informations l\u00e9gales\" \/>\n<meta property=\"og:description\" content=\"Plombier Paris et Val-de-Marne Plombier Paris est une entreprise dirig\u00e9e par un chef d\u2019entreprise riche [&hellip;]\" \/>\n<meta property=\"og:url\" content=\"https:\/\/plombier-paris.ovh\/index.php\/entreprise-plombier-paris\/\" \/>\n<meta property=\"og:site_name\" content=\"Informations l\u00e9gales\" \/>\n<meta property=\"article:modified_time\" content=\"2025-11-02T12:54:50+00:00\" \/>\n<meta property=\"og:image\" content=\"https:\/\/plombier-paris.ovh\/wp-content\/uploads\/2025\/11\/logo-transparent-pdf.png\" \/>\n\t<meta property=\"og:image:width\" content=\"1649\" \/>\n\t<meta property=\"og:image:height\" content=\"1304\" \/>\n\t<meta property=\"og:image:type\" content=\"image\/png\" \/>\n<meta name=\"twitter:card\" content=\"summary_large_image\" \/>\n<meta name=\"twitter:label1\" content=\"Dur\u00e9e de lecture estim\u00e9e\" \/>\n\t<meta name=\"twitter:data1\" content=\"1 minute\" \/>\n<script type=\"application\/ld+json\" class=\"yoast-schema-graph\">{\"@context\":\"https:\/\/schema.org\",\"@graph\":[{\"@type\":\"WebPage\",\"@id\":\"https:\/\/plombier-paris.ovh\/index.php\/entreprise-plombier-paris\/\",\"url\":\"https:\/\/plombier-paris.ovh\/index.php\/entreprise-plombier-paris\/\",\"name\":\"Entreprise Plombier Paris - Informations l\u00e9gales\",\"isPartOf\":{\"@id\":\"https:\/\/plombier-paris.ovh\/#website\"},\"datePublished\":\"2025-10-16T11:08:08+00:00\",\"dateModified\":\"2025-11-02T12:54:50+00:00\",\"breadcrumb\":{\"@id\":\"https:\/\/plombier-paris.ovh\/index.php\/entreprise-plombier-paris\/#breadcrumb\"},\"inLanguage\":\"fr-FR\",\"potentialAction\":[{\"@type\":\"ReadAction\",\"target\":[\"https:\/\/plombier-paris.ovh\/index.php\/entreprise-plombier-paris\/\"]}]},{\"@type\":\"BreadcrumbList\",\"@id\":\"https:\/\/plombier-paris.ovh\/index.php\/entreprise-plombier-paris\/#breadcrumb\",\"itemListElement\":[{\"@type\":\"ListItem\",\"position\":1,\"name\":\"Accueil\",\"item\":\"https:\/\/plombier-paris.ovh\/\"},{\"@type\":\"ListItem\",\"position\":2,\"name\":\"Entreprise Plombier Paris\"}]},{\"@type\":\"WebSite\",\"@id\":\"https:\/\/plombier-paris.ovh\/#website\",\"url\":\"https:\/\/plombier-paris.ovh\/\",\"name\":\"Plombier-Paris\",\"description\":\"Plombier-Paris &amp; Val-de-Marne. 7J\/7\",\"publisher\":{\"@id\":\"https:\/\/plombier-paris.ovh\/#organization\"},\"potentialAction\":[{\"@type\":\"SearchAction\",\"target\":{\"@type\":\"EntryPoint\",\"urlTemplate\":\"https:\/\/plombier-paris.ovh\/?s={search_term_string}\"},\"query-input\":{\"@type\":\"PropertyValueSpecification\",\"valueRequired\":true,\"valueName\":\"search_term_string\"}}],\"inLanguage\":\"fr-FR\"},{\"@type\":\"Organization\",\"@id\":\"https:\/\/plombier-paris.ovh\/#organization\",\"name\":\"Plombier-Paris\",\"url\":\"https:\/\/plombier-paris.ovh\/\",\"logo\":{\"@type\":\"ImageObject\",\"inLanguage\":\"fr-FR\",\"@id\":\"https:\/\/plombier-paris.ovh\/#\/schema\/logo\/image\/\",\"url\":\"https:\/\/plombier-paris.ovh\/wp-content\/uploads\/2025\/10\/cropped-Logoplombierelbilia-cut.png\",\"contentUrl\":\"https:\/\/plombier-paris.ovh\/wp-content\/uploads\/2025\/10\/cropped-Logoplombierelbilia-cut.png\",\"width\":512,\"height\":512,\"caption\":\"Plombier-Paris\"},\"image\":{\"@id\":\"https:\/\/plombier-paris.ovh\/#\/schema\/logo\/image\/\"}}]}<\/script>\n<!-- \/ Yoast SEO plugin. -->","yoast_head_json":{"title":"Entreprise Plombier Paris - Informations l\u00e9gales","robots":{"index":"index","follow":"follow","max-snippet":"max-snippet:-1","max-image-preview":"max-image-preview:large","max-video-preview":"max-video-preview:-1"},"canonical":"https:\/\/plombier-paris.ovh\/index.php\/entreprise-plombier-paris\/","og_locale":"fr_FR","og_type":"article","og_title":"Entreprise Plombier Paris - Informations l\u00e9gales","og_description":"Plombier Paris et Val-de-Marne Plombier Paris est une entreprise dirig\u00e9e par un chef d\u2019entreprise riche [&hellip;]","og_url":"https:\/\/plombier-paris.ovh\/index.php\/entreprise-plombier-paris\/","og_site_name":"Informations l\u00e9gales","article_modified_time":"2025-11-02T12:54:50+00:00","og_image":[{"width":1649,"height":1304,"url":"https:\/\/plombier-paris.ovh\/wp-content\/uploads\/2025\/11\/logo-transparent-pdf.png","type":"image\/png"}],"twitter_card":"summary_large_image","twitter_misc":{"Dur\u00e9e de lecture estim\u00e9e":"1 minute"},"schema":{"@context":"https:\/\/schema.org","@graph":[{"@type":"WebPage","@id":"https:\/\/plombier-paris.ovh\/index.php\/entreprise-plombier-paris\/","url":"https:\/\/plombier-paris.ovh\/index.php\/entreprise-plombier-paris\/","name":"Entreprise Plombier Paris - Informations l\u00e9gales","isPartOf":{"@id":"https:\/\/plombier-paris.ovh\/#website"},"datePublished":"2025-10-16T11:08:08+00:00","dateModified":"2025-11-02T12:54:50+00:00","breadcrumb":{"@id":"https:\/\/plombier-paris.ovh\/index.php\/entreprise-plombier-paris\/#breadcrumb"},"inLanguage":"fr-FR","potentialAction":[{"@type":"ReadAction","target":["https:\/\/plombier-paris.ovh\/index.php\/entreprise-plombier-paris\/"]}]},{"@type":"BreadcrumbList","@id":"https:\/\/plombier-paris.ovh\/index.php\/entreprise-plombier-paris\/#breadcrumb","itemListElement":[{"@type":"ListItem","position":1,"name":"Accueil","item":"https:\/\/plombier-paris.ovh\/"},{"@type":"ListItem","position":2,"name":"Entreprise Plombier Paris"}]},{"@type":"WebSite","@id":"https:\/\/plombier-paris.ovh\/#website","url":"https:\/\/plombier-paris.ovh\/","name":"Plombier-Paris","description":"Plombier-Paris &amp; Val-de-Marne. 7J\/7","publisher":{"@id":"https:\/\/plombier-paris.ovh\/#organization"},"potentialAction":[{"@type":"SearchAction","target":{"@type":"EntryPoint","urlTemplate":"https:\/\/plombier-paris.ovh\/?s={search_term_string}"},"query-input":{"@type":"PropertyValueSpecification","valueRequired":true,"valueName":"search_term_string"}}],"inLanguage":"fr-FR"},{"@type":"Organization","@id":"https:\/\/plombier-paris.ovh\/#organization","name":"Plombier-Paris","url":"https:\/\/plombier-paris.ovh\/","logo":{"@type":"ImageObject","inLanguage":"fr-FR","@id":"https:\/\/plombier-paris.ovh\/#\/schema\/logo\/image\/","url":"https:\/\/plombier-paris.ovh\/wp-content\/uploads\/2025\/10\/cropped-Logoplombierelbilia-cut.png","contentUrl":"https:\/\/plombier-paris.ovh\/wp-content\/uploads\/2025\/10\/cropped-Logoplombierelbilia-cut.png","width":512,"height":512,"caption":"Plombier-Paris"},"image":{"@id":"https:\/\/plombier-paris.ovh\/#\/schema\/logo\/image\/"}}]}},"_links":{"self":[{"href":"https:\/\/plombier-paris.ovh\/index.php\/wp-json\/wp\/v2\/pages\/127","targetHints":{"allow":["GET"]}}],"collection":[{"href":"https:\/\/plombier-paris.ovh\/index.php\/wp-json\/wp\/v2\/pages"}],"about":[{"href":"https:\/\/plombier-paris.ovh\/index.php\/wp-json\/wp\/v2\/types\/page"}],"author":[{"embeddable":true,"href":"https:\/\/plombier-paris.ovh\/index.php\/wp-json\/wp\/v2\/users\/1"}],"replies":[{"embeddable":true,"href":"https:\/\/plombier-paris.ovh\/index.php\/wp-json\/wp\/v2\/comments?post=127"}],"version-history":[{"count":9,"href":"https:\/\/plombier-paris.ovh\/index.php\/wp-json\/wp\/v2\/pages\/127\/revisions"}],"predecessor-version":[{"id":357,"href":"https:\/\/plombier-paris.ovh\/index.php\/wp-json\/wp\/v2\/pages\/127\/revisions\/357"}],"wp:attachment":[{"href":"https:\/\/plombier-paris.ovh\/index.php\/wp-json\/wp\/v2\/media?parent=127"}],"curies":[{"name":"wp","href":"https:\/\/api.w.org\/{rel}","templated":true}]}}