{"id":136,"date":"2025-10-16T11:20:39","date_gmt":"2025-10-16T11:20:39","guid":{"rendered":"http:\/\/plombier-paris.ovh\/?page_id=136"},"modified":"2025-11-23T13:18:58","modified_gmt":"2025-11-23T13:18:58","slug":"tarifs","status":"publish","type":"page","link":"https:\/\/plombier-paris.ovh\/index.php\/tarifs\/","title":{"rendered":"Tarifs"},"content":{"rendered":"\n<p>Modalit\u00e9s de r\u00e8glement: Carte bancaire ou esp\u00e8ces<\/p>\n\n\n\n<div class=\"wp-block-columns is-layout-flex wp-container-core-columns-is-layout-28f84493 wp-block-columns-is-layout-flex\">\n<div class=\"wp-block-column is-layout-flow wp-block-column-is-layout-flow\" style=\"flex-basis:66.66%\">\n<div class=\"wp-block-group alignfull is-style-section-3 has-border-color has-black-border-color is-content-justification-center is-layout-constrained wp-container-core-group-is-layout-c7babbe3 wp-block-group-is-layout-constrained\" style=\"border-width:3px;border-radius:0px;margin-top:0;margin-bottom:0;padding-top:0;padding-right:0;padding-bottom:0;padding-left:0\">\n<div class=\"wp-block-group alignwide is-layout-flow wp-block-group-is-layout-flow\">\n<div class=\"wp-block-columns alignwide is-layout-flex wp-container-core-columns-is-layout-c6809a2b wp-block-columns-is-layout-flex\">\n<div class=\"wp-block-column has-primary-background-color has-background is-layout-flow wp-block-column-is-layout-flow\" style=\"padding-top:24px;padding-right:var(--wp--preset--spacing--30);padding-bottom:24px;padding-left:var(--wp--preset--spacing--30)\">\n<h3 class=\"wp-block-heading alignwide has-text-align-left is-menu-section-name\">D\u00e9placement<\/h3>\n<\/div>\n\n\n\n<div class=\"wp-block-column is-layout-flow wp-block-column-is-layout-flow\">\n<div class=\"wp-block-group is-layout-flow wp-container-core-group-is-layout-8a368f38 wp-block-group-is-layout-flow\">\n<div class=\"wp-block-group alignwide is-layout-flow wp-block-group-is-layout-flow\" style=\"border-bottom-width:1px;padding-top:24px;padding-bottom:24px\">\n<div class=\"wp-block-group is-content-justification-space-between is-layout-flex wp-container-core-group-is-layout-db0adc3d wp-block-group-is-layout-flex\" style=\"padding-right:var(--wp--preset--spacing--30);padding-left:var(--wp--preset--spacing--30)\">\n<h4 class=\"wp-block-heading is-menu-item-name\">D\u00e9placement<\/h4>\n\n\n\n<p class=\"is-menu-item-price\">20 \u20ac<\/p>\n<\/div>\n<\/div>\n\n\n\n<div class=\"wp-block-group alignwide is-layout-flow wp-block-group-is-layout-flow\" style=\"border-bottom-width:1px;padding-top:24px;padding-right:var(--wp--preset--spacing--30);padding-bottom:24px;padding-left:var(--wp--preset--spacing--30)\">\n<div class=\"wp-block-group is-content-justification-space-between is-layout-flex wp-container-core-group-is-layout-ceead2e9 wp-block-group-is-layout-flex\">\n<h4 class=\"wp-block-heading is-menu-item-name\">D\u00e9placement camion hydrocureur<\/h4>\n\n\n\n<p class=\"is-menu-item-price\">40&nbsp;\u20ac<\/p>\n<\/div>\n<\/div>\n\n\n\n<div class=\"wp-block-group alignwide is-layout-flow wp-block-group-is-layout-flow\" style=\"padding-top:24px;padding-right:var(--wp--preset--spacing--30);padding-bottom:24px;padding-left:var(--wp--preset--spacing--30)\">\n<div class=\"wp-block-group is-content-justification-space-between is-layout-flex wp-container-core-group-is-layout-ceead2e9 wp-block-group-is-layout-flex\">\n<h4 class=\"wp-block-heading is-menu-item-name\">Main d\u2019oeuvre plombier<\/h4>\n\n\n\n<p class=\"is-menu-item-price\">60 \u20ac<\/p>\n<\/div>\n<\/div>\n<\/div>\n<\/div>\n<\/div>\n<\/div>\n\n\n\n<div class=\"wp-block-columns alignwide is-layout-flex wp-container-core-columns-is-layout-c6809a2b wp-block-columns-is-layout-flex\">\n<div class=\"wp-block-column has-primary-background-color has-background is-layout-flow wp-block-column-is-layout-flow\" style=\"padding-top:24px;padding-right:var(--wp--preset--spacing--30);padding-bottom:24px;padding-left:var(--wp--preset--spacing--30)\">\n<h3 class=\"wp-block-heading alignwide has-text-align-left is-menu-section-name\">R\u00e9vision<\/h3>\n<\/div>\n\n\n\n<div class=\"wp-block-column is-layout-flow wp-block-column-is-layout-flow\">\n<div class=\"wp-block-group is-layout-flow wp-container-core-group-is-layout-8a368f38 wp-block-group-is-layout-flow\">\n<div class=\"wp-block-group alignwide is-layout-flow wp-block-group-is-layout-flow\" style=\"border-bottom-width:1px;padding-top:24px;padding-right:var(--wp--preset--spacing--30);padding-bottom:24px;padding-left:var(--wp--preset--spacing--30)\">\n<div class=\"wp-block-group is-content-justification-space-between is-layout-flex wp-container-core-group-is-layout-ceead2e9 wp-block-group-is-layout-flex\">\n<h4 class=\"wp-block-heading is-menu-item-name\">R\u00e9vision chaudi\u00e8re<\/h4>\n\n\n\n<p class=\"is-menu-item-price\">155 \u20ac<\/p>\n<\/div>\n\n\n\n<p><em><sup>(R\u00e9vision chaudi\u00e8re 135\u20ac + d\u00e9placement 20\u20ac)<\/sup><\/em><\/p>\n<\/div>\n\n\n\n<div class=\"wp-block-group alignwide is-layout-flow wp-block-group-is-layout-flow\" style=\"padding-top:24px;padding-right:var(--wp--preset--spacing--30);padding-bottom:24px;padding-left:var(--wp--preset--spacing--30)\">\n<div class=\"wp-block-group is-content-justification-space-between is-layout-flex wp-container-core-group-is-layout-ceead2e9 wp-block-group-is-layout-flex\">\n<h4 class=\"wp-block-heading is-menu-item-name\">R\u00e9vision chaudi\u00e8re + ramonage<\/h4>\n\n\n\n<p class=\"is-menu-item-price\">160 \u20ac<\/p>\n<\/div>\n\n\n\n<p><em><sup>(R\u00e9vision chaudi\u00e8re &amp; ramonage 140\u20ac + d\u00e9placement 20\u20ac)<\/sup><\/em><\/p>\n<\/div>\n<\/div>\n<\/div>\n<\/div>\n\n\n\n<div class=\"wp-block-group alignwide is-layout-flow wp-block-group-is-layout-flow\">\n<div class=\"wp-block-columns alignwide is-layout-flex wp-container-core-columns-is-layout-c6809a2b wp-block-columns-is-layout-flex\">\n<div class=\"wp-block-column has-primary-background-color has-background is-layout-flow wp-block-column-is-layout-flow\" style=\"padding-top:24px;padding-right:var(--wp--preset--spacing--30);padding-bottom:24px;padding-left:var(--wp--preset--spacing--30)\">\n<h3 class=\"wp-block-heading alignwide has-text-align-left is-menu-section-name\">D\u00e9bouchage<\/h3>\n<\/div>\n\n\n\n<div class=\"wp-block-column is-layout-flow wp-block-column-is-layout-flow\">\n<div class=\"wp-block-group is-layout-flow wp-container-core-group-is-layout-8a368f38 wp-block-group-is-layout-flow\">\n<div class=\"wp-block-group alignwide is-layout-flow wp-block-group-is-layout-flow\" style=\"border-bottom-width:1px;padding-top:24px;padding-right:var(--wp--preset--spacing--30);padding-bottom:24px;padding-left:var(--wp--preset--spacing--30)\">\n<div class=\"wp-block-group is-content-justification-space-between is-layout-flex wp-container-core-group-is-layout-ceead2e9 wp-block-group-is-layout-flex\">\n<h4 class=\"wp-block-heading is-menu-item-name\">D\u00e9bouchage manuel de WC<\/h4>\n\n\n\n<p><em><sub><sup>(D\u00e9bouchage manuel 90\u20ac + d\u00e9placement 20\u20ac)<\/sup><\/sub><\/em><\/p>\n\n\n\n<p class=\"is-menu-item-price\">110 \u20ac<\/p>\n<\/div>\n<\/div>\n\n\n\n<div class=\"wp-block-group alignwide is-layout-flow wp-block-group-is-layout-flow\" style=\"border-bottom-width:1px;padding-top:24px;padding-right:var(--wp--preset--spacing--30);padding-bottom:24px;padding-left:var(--wp--preset--spacing--30)\">\n<div class=\"wp-block-group is-content-justification-space-between is-layout-flex wp-container-core-group-is-layout-ceead2e9 wp-block-group-is-layout-flex\">\n<h4 class=\"wp-block-heading is-menu-item-name\">D\u00e9bouchage manuel <br>\u00e9vier, lavabo, baignoire<\/h4>\n\n\n\n<p><em><sub><sup>(D\u00e9bouchage manuel 90\u20ac + d\u00e9placement 20\u20ac)<\/sup><\/sub><\/em><\/p>\n\n\n\n<p class=\"is-menu-item-price\">110\u00a0\u20ac<\/p>\n<\/div>\n<\/div>\n\n\n\n<div class=\"wp-block-group alignwide is-layout-flow wp-block-group-is-layout-flow\" style=\"border-bottom-width:1px;padding-top:24px;padding-right:var(--wp--preset--spacing--30);padding-bottom:24px;padding-left:var(--wp--preset--spacing--30)\">\n<div class=\"wp-block-group is-content-justification-space-between is-layout-flex wp-container-core-group-is-layout-ceead2e9 wp-block-group-is-layout-flex\">\n<h4 class=\"wp-block-heading is-menu-item-name\">D\u00e9bouchage avec camion hydrocureur <br>en maison individuelle<\/h4>\n\n\n\n<p><em><sub><sup>(D\u00e9bouchage 200\u20ac + d\u00e9placement camion hydrocureur 40\u20ac)<\/sup><\/sub><\/em><\/p>\n\n\n\n<p class=\"is-menu-item-price\">240\u00a0\u20ac<\/p>\n<\/div>\n<\/div>\n\n\n\n<div class=\"wp-block-group alignwide is-layout-flow wp-block-group-is-layout-flow\" style=\"padding-top:24px;padding-bottom:24px\">\n<div class=\"wp-block-group is-content-justification-space-between is-layout-flex wp-container-core-group-is-layout-db0adc3d wp-block-group-is-layout-flex\" style=\"padding-right:var(--wp--preset--spacing--30);padding-left:var(--wp--preset--spacing--30)\">\n<h4 class=\"wp-block-heading is-menu-item-name\">D\u00e9bouchage canalisation en immeuble<\/h4>\n\n\n\n<p><em><sub><sup>(D\u00e9bouchage canalisation 290\u20ac + d\u00e9placement 20\u20ac)<\/sup><\/sub><\/em><\/p>\n\n\n\n<p class=\"is-menu-item-price\">310\u00a0\u20ac<\/p>\n<\/div>\n<\/div>\n<\/div>\n<\/div>\n<\/div>\n\n\n\n<div class=\"wp-block-columns alignwide is-layout-flex wp-container-core-columns-is-layout-c6809a2b wp-block-columns-is-layout-flex\">\n<div class=\"wp-block-column has-primary-background-color has-background is-layout-flow wp-block-column-is-layout-flow\" style=\"padding-top:24px;padding-right:var(--wp--preset--spacing--30);padding-bottom:24px;padding-left:var(--wp--preset--spacing--30)\">\n<h3 class=\"wp-block-heading alignwide has-text-align-left is-menu-section-name\">Inspection<\/h3>\n<\/div>\n\n\n\n<div class=\"wp-block-column is-layout-flow wp-block-column-is-layout-flow\">\n<div class=\"wp-block-group is-layout-flow wp-container-core-group-is-layout-8a368f38 wp-block-group-is-layout-flow\">\n<div class=\"wp-block-group alignwide is-layout-flow wp-block-group-is-layout-flow\" style=\"border-bottom-width:1px;padding-top:24px;padding-right:var(--wp--preset--spacing--30);padding-bottom:24px;padding-left:var(--wp--preset--spacing--30)\">\n<div class=\"wp-block-group is-content-justification-space-between is-layout-flex wp-container-core-group-is-layout-ceead2e9 wp-block-group-is-layout-flex\">\n<h4 class=\"wp-block-heading is-menu-item-name\">Inspection par cam\u00e9ra de canalisation <br>en&nbsp;maison individuelle<\/h4>\n\n\n\n<p><em><sub><sup>(Inspection par cam\u00e9ra 220\u20ac + d\u00e9placement 20\u20ac)<\/sup><\/sub><\/em><\/p>\n\n\n\n<p class=\"is-menu-item-price\">240 \u20ac<\/p>\n<\/div>\n<\/div>\n<\/div>\n<\/div>\n<\/div>\n<\/div>\n<\/div>\n<\/div>\n\n\n\n<div class=\"wp-block-column has-secondary-color has-primary-background-color has-text-color has-background has-link-color has-content-heading-font-size wp-elements-f77d1cc407e9d50fe997719d88862ce3 is-layout-constrained wp-container-core-column-is-layout-5c9c2f43 wp-block-column-is-layout-constrained\" style=\"flex-basis:33.33%\">\n<div style=\"height:12px\" aria-hidden=\"true\" class=\"wp-block-spacer\"><\/div>\n\n\n\n<p><strong>Demander une intervention :<\/strong><\/p>\n\n\n\n<div class=\"wp-block-bookly-form\"><!--\nPlugin Name: Bookly - Responsive WordPress Appointment Booking and Scheduling Plugin\nPlugin URI: https:\/\/www.booking-wp-plugin.com\/?utm_source=bookly_admin&utm_medium=plugins_page&utm_campaign=plugins_page\nVersion: 25.7-->\n<style type=\"text\/css\">\n    :root {\n        --bookly-main-color: #22d6cd !important;\n        --bookly-color: #22d6cd !important;\n    }\n\n    <\/style><div class=\"bookly-css-root\">\n    <div id=\"bookly-form-69d9fbf1c986e\" class=\"bookly-form\" data-form_id=\"69d9fbf1c986e\" aria-live=\"polite\">\n        <div style=\"text-align: center\"><img decoding=\"async\" src=\"https:\/\/plombier-paris.ovh\/wp-includes\/js\/tinymce\/skins\/lightgray\/img\/loader.gif\" alt=\"Chargement...\"\/><\/div>\n    <\/div>\n<\/div>\n<script type=\"text\/javascript\">\n    (function (win, fn) {\n        var done = false, top = true,\n            doc = win.document,\n            root = doc.documentElement,\n            modern = doc.addEventListener,\n            add = modern ? 'addEventListener' : 'attachEvent',\n            rem = modern ? 'removeEventListener' : 'detachEvent',\n            pre = modern ? '' : 'on',\n            init = function (e) {\n                if (e.type == 'readystatechange') if (doc.readyState != 'complete') return;\n                (e.type == 'load' ? win : doc)[rem](pre + e.type, init, false);\n                if (!done) {\n                    done = true;\n                    fn.call(win, e.type || e);\n                }\n            },\n            poll = function () {\n                try {\n                    root.doScroll('left');\n                } catch (e) {\n                    setTimeout(poll, 50);\n                    return;\n                }\n                init('poll');\n            };\n        if (doc.readyState == 'complete') fn.call(win, 'lazy');\n        else {\n            if (!modern) if (root.doScroll) {\n                try {\n                    top = !win.frameElement;\n                } catch (e) {\n                }\n                if (top) poll();\n            }\n            doc[add](pre + 'DOMContentLoaded', init, false);\n            doc[add](pre + 'readystatechange', init, false);\n            win[add](pre + 'load', init, false);\n        }\n    })(window, function () {\n        window.bookly( {\"form_id\":\"69d9fbf1c986e\",\"status\":{\"booking\":\"new\"},\"skip_steps\":{\"service_part1\":0,\"service_part2\":0,\"extras\":1,\"time\":0,\"repeat\":1,\"cart\":1},\"errors\":{\"session_error\":\"Erreur Session.\",\"form_id_error\":\"ID Formulaire d'erreur.\",\"cart_item_not_available\":\"Le cr\\u00e9neau horaire s\\u00e9lectionn\\u00e9 n'est plus disponible. Merci d'en choisir un autre.\",\"pay_locally_not_available\":\"Le paiement local n'est pas disponible.\",\"invalid_gateway\":\"Portail invalide.\",\"payment_error\":\"Erreur\",\"incorrect_username_password\":\"Identifiant ou mot de passe incorrect.\"},\"form_attributes\":{\"hide_categories\":true,\"hide_services\":false,\"hide_staff_members\":true,\"show_number_of_persons\":false,\"hide_service_duration\":true,\"hide_locations\":true,\"hide_quantity\":true,\"hide_date\":false,\"hide_week_days\":true,\"hide_time_range\":true},\"use_client_time_zone\":0,\"defaults\":{\"service_id\":0,\"staff_id\":1,\"location_id\":0,\"category_id\":0},\"datepicker_mode\":\"text-accent\"} );\n    });\n<\/script><\/div>\n\n\n\n<p class=\"has-extra-small-font-size\"><strong>R\u00e8glement accept\u00e9: carte bancaire ou esp\u00e8ces<\/strong><\/p>\n<\/div>\n<\/div>\n","protected":false},"excerpt":{"rendered":"<p>Modalit\u00e9s de r\u00e8glement: Carte bancaire ou esp\u00e8ces D\u00e9placement D\u00e9placement 20 \u20ac D\u00e9placement camion hydrocureur 40&nbsp;\u20ac [&hellip;]<\/p>\n","protected":false},"author":1,"featured_media":0,"parent":0,"menu_order":0,"comment_status":"closed","ping_status":"closed","template":"","meta":{"footnotes":""},"class_list":["post-136","page","type-page","status-publish","hentry"],"yoast_head":"<!-- This site is optimized with the Yoast SEO plugin v26.1.1 - https:\/\/yoast.com\/wordpress\/plugins\/seo\/ -->\n<title>Tarifs - Informations l\u00e9gales<\/title>\n<meta name=\"robots\" content=\"index, follow, max-snippet:-1, max-image-preview:large, max-video-preview:-1\" \/>\n<link rel=\"canonical\" href=\"https:\/\/plombier-paris.ovh\/index.php\/tarifs\/\" \/>\n<meta property=\"og:locale\" content=\"fr_FR\" \/>\n<meta property=\"og:type\" content=\"article\" \/>\n<meta property=\"og:title\" content=\"Tarifs - Informations l\u00e9gales\" \/>\n<meta property=\"og:description\" content=\"Modalit\u00e9s de r\u00e8glement: Carte bancaire ou esp\u00e8ces D\u00e9placement D\u00e9placement 20 \u20ac D\u00e9placement camion hydrocureur 40&nbsp;\u20ac [&hellip;]\" \/>\n<meta property=\"og:url\" content=\"https:\/\/plombier-paris.ovh\/index.php\/tarifs\/\" \/>\n<meta property=\"og:site_name\" content=\"Informations l\u00e9gales\" \/>\n<meta property=\"article:modified_time\" content=\"2025-11-23T13:18:58+00:00\" \/>\n<meta property=\"og:image\" content=\"https:\/\/plombier-paris.ovh\/wp-content\/uploads\/2025\/11\/logo-transparent-pdf.png\" \/>\n\t<meta property=\"og:image:width\" content=\"1649\" \/>\n\t<meta property=\"og:image:height\" content=\"1304\" \/>\n\t<meta property=\"og:image:type\" content=\"image\/png\" \/>\n<meta name=\"twitter:card\" content=\"summary_large_image\" \/>\n<meta name=\"twitter:label1\" content=\"Dur\u00e9e de lecture estim\u00e9e\" \/>\n\t<meta name=\"twitter:data1\" content=\"1 minute\" \/>\n<script type=\"application\/ld+json\" class=\"yoast-schema-graph\">{\"@context\":\"https:\/\/schema.org\",\"@graph\":[{\"@type\":\"WebPage\",\"@id\":\"https:\/\/plombier-paris.ovh\/index.php\/tarifs\/\",\"url\":\"https:\/\/plombier-paris.ovh\/index.php\/tarifs\/\",\"name\":\"Tarifs - Informations l\u00e9gales\",\"isPartOf\":{\"@id\":\"https:\/\/plombier-paris.ovh\/#website\"},\"datePublished\":\"2025-10-16T11:20:39+00:00\",\"dateModified\":\"2025-11-23T13:18:58+00:00\",\"breadcrumb\":{\"@id\":\"https:\/\/plombier-paris.ovh\/index.php\/tarifs\/#breadcrumb\"},\"inLanguage\":\"fr-FR\",\"potentialAction\":[{\"@type\":\"ReadAction\",\"target\":[\"https:\/\/plombier-paris.ovh\/index.php\/tarifs\/\"]}]},{\"@type\":\"BreadcrumbList\",\"@id\":\"https:\/\/plombier-paris.ovh\/index.php\/tarifs\/#breadcrumb\",\"itemListElement\":[{\"@type\":\"ListItem\",\"position\":1,\"name\":\"Accueil\",\"item\":\"https:\/\/plombier-paris.ovh\/\"},{\"@type\":\"ListItem\",\"position\":2,\"name\":\"Tarifs\"}]},{\"@type\":\"WebSite\",\"@id\":\"https:\/\/plombier-paris.ovh\/#website\",\"url\":\"https:\/\/plombier-paris.ovh\/\",\"name\":\"Plombier-Paris\",\"description\":\"Plombier-Paris &amp; Val-de-Marne. 7J\/7\",\"publisher\":{\"@id\":\"https:\/\/plombier-paris.ovh\/#organization\"},\"potentialAction\":[{\"@type\":\"SearchAction\",\"target\":{\"@type\":\"EntryPoint\",\"urlTemplate\":\"https:\/\/plombier-paris.ovh\/?s={search_term_string}\"},\"query-input\":{\"@type\":\"PropertyValueSpecification\",\"valueRequired\":true,\"valueName\":\"search_term_string\"}}],\"inLanguage\":\"fr-FR\"},{\"@type\":\"Organization\",\"@id\":\"https:\/\/plombier-paris.ovh\/#organization\",\"name\":\"Plombier-Paris\",\"url\":\"https:\/\/plombier-paris.ovh\/\",\"logo\":{\"@type\":\"ImageObject\",\"inLanguage\":\"fr-FR\",\"@id\":\"https:\/\/plombier-paris.ovh\/#\/schema\/logo\/image\/\",\"url\":\"https:\/\/plombier-paris.ovh\/wp-content\/uploads\/2025\/10\/cropped-Logoplombierelbilia-cut.png\",\"contentUrl\":\"https:\/\/plombier-paris.ovh\/wp-content\/uploads\/2025\/10\/cropped-Logoplombierelbilia-cut.png\",\"width\":512,\"height\":512,\"caption\":\"Plombier-Paris\"},\"image\":{\"@id\":\"https:\/\/plombier-paris.ovh\/#\/schema\/logo\/image\/\"}}]}<\/script>\n<!-- \/ Yoast SEO plugin. -->","yoast_head_json":{"title":"Tarifs - Informations l\u00e9gales","robots":{"index":"index","follow":"follow","max-snippet":"max-snippet:-1","max-image-preview":"max-image-preview:large","max-video-preview":"max-video-preview:-1"},"canonical":"https:\/\/plombier-paris.ovh\/index.php\/tarifs\/","og_locale":"fr_FR","og_type":"article","og_title":"Tarifs - Informations l\u00e9gales","og_description":"Modalit\u00e9s de r\u00e8glement: Carte bancaire ou esp\u00e8ces D\u00e9placement D\u00e9placement 20 \u20ac D\u00e9placement camion hydrocureur 40&nbsp;\u20ac [&hellip;]","og_url":"https:\/\/plombier-paris.ovh\/index.php\/tarifs\/","og_site_name":"Informations l\u00e9gales","article_modified_time":"2025-11-23T13:18:58+00:00","og_image":[{"width":1649,"height":1304,"url":"https:\/\/plombier-paris.ovh\/wp-content\/uploads\/2025\/11\/logo-transparent-pdf.png","type":"image\/png"}],"twitter_card":"summary_large_image","twitter_misc":{"Dur\u00e9e de lecture estim\u00e9e":"1 minute"},"schema":{"@context":"https:\/\/schema.org","@graph":[{"@type":"WebPage","@id":"https:\/\/plombier-paris.ovh\/index.php\/tarifs\/","url":"https:\/\/plombier-paris.ovh\/index.php\/tarifs\/","name":"Tarifs - Informations l\u00e9gales","isPartOf":{"@id":"https:\/\/plombier-paris.ovh\/#website"},"datePublished":"2025-10-16T11:20:39+00:00","dateModified":"2025-11-23T13:18:58+00:00","breadcrumb":{"@id":"https:\/\/plombier-paris.ovh\/index.php\/tarifs\/#breadcrumb"},"inLanguage":"fr-FR","potentialAction":[{"@type":"ReadAction","target":["https:\/\/plombier-paris.ovh\/index.php\/tarifs\/"]}]},{"@type":"BreadcrumbList","@id":"https:\/\/plombier-paris.ovh\/index.php\/tarifs\/#breadcrumb","itemListElement":[{"@type":"ListItem","position":1,"name":"Accueil","item":"https:\/\/plombier-paris.ovh\/"},{"@type":"ListItem","position":2,"name":"Tarifs"}]},{"@type":"WebSite","@id":"https:\/\/plombier-paris.ovh\/#website","url":"https:\/\/plombier-paris.ovh\/","name":"Plombier-Paris","description":"Plombier-Paris &amp; Val-de-Marne. 7J\/7","publisher":{"@id":"https:\/\/plombier-paris.ovh\/#organization"},"potentialAction":[{"@type":"SearchAction","target":{"@type":"EntryPoint","urlTemplate":"https:\/\/plombier-paris.ovh\/?s={search_term_string}"},"query-input":{"@type":"PropertyValueSpecification","valueRequired":true,"valueName":"search_term_string"}}],"inLanguage":"fr-FR"},{"@type":"Organization","@id":"https:\/\/plombier-paris.ovh\/#organization","name":"Plombier-Paris","url":"https:\/\/plombier-paris.ovh\/","logo":{"@type":"ImageObject","inLanguage":"fr-FR","@id":"https:\/\/plombier-paris.ovh\/#\/schema\/logo\/image\/","url":"https:\/\/plombier-paris.ovh\/wp-content\/uploads\/2025\/10\/cropped-Logoplombierelbilia-cut.png","contentUrl":"https:\/\/plombier-paris.ovh\/wp-content\/uploads\/2025\/10\/cropped-Logoplombierelbilia-cut.png","width":512,"height":512,"caption":"Plombier-Paris"},"image":{"@id":"https:\/\/plombier-paris.ovh\/#\/schema\/logo\/image\/"}}]}},"_links":{"self":[{"href":"https:\/\/plombier-paris.ovh\/index.php\/wp-json\/wp\/v2\/pages\/136","targetHints":{"allow":["GET"]}}],"collection":[{"href":"https:\/\/plombier-paris.ovh\/index.php\/wp-json\/wp\/v2\/pages"}],"about":[{"href":"https:\/\/plombier-paris.ovh\/index.php\/wp-json\/wp\/v2\/types\/page"}],"author":[{"embeddable":true,"href":"https:\/\/plombier-paris.ovh\/index.php\/wp-json\/wp\/v2\/users\/1"}],"replies":[{"embeddable":true,"href":"https:\/\/plombier-paris.ovh\/index.php\/wp-json\/wp\/v2\/comments?post=136"}],"version-history":[{"count":32,"href":"https:\/\/plombier-paris.ovh\/index.php\/wp-json\/wp\/v2\/pages\/136\/revisions"}],"predecessor-version":[{"id":421,"href":"https:\/\/plombier-paris.ovh\/index.php\/wp-json\/wp\/v2\/pages\/136\/revisions\/421"}],"wp:attachment":[{"href":"https:\/\/plombier-paris.ovh\/index.php\/wp-json\/wp\/v2\/media?parent=136"}],"curies":[{"name":"wp","href":"https:\/\/api.w.org\/{rel}","templated":true}]}}