{"id":159,"date":"2025-10-16T11:42:11","date_gmt":"2025-10-16T11:42:11","guid":{"rendered":"http:\/\/plombier-paris.ovh\/?page_id=159"},"modified":"2025-11-23T13:50:32","modified_gmt":"2025-11-23T13:50:32","slug":"canalisations","status":"publish","type":"page","link":"https:\/\/plombier-paris.ovh\/index.php\/canalisations\/","title":{"rendered":"D\u00e9bouchage Canalisations"},"content":{"rendered":"\n<div class=\"wp-block-group alignfull is-style-default is-content-justification-center is-layout-constrained wp-container-core-group-is-layout-1d7c1b53 wp-block-group-is-layout-constrained\" style=\"margin-top:0;margin-bottom:0;padding-top:0;padding-right:var(--wp--preset--spacing--50);padding-bottom:0;padding-left:var(--wp--preset--spacing--50)\">\n<div class=\"wp-block-group alignwide is-style-default is-layout-flow wp-block-group-is-layout-flow\" style=\"margin-top:0;margin-bottom:0\">\n<div class=\"wp-block-columns alignwide are-vertically-aligned-center is-style-default is-layout-flex wp-container-core-columns-is-layout-c6809a2b wp-block-columns-is-layout-flex\">\n<div class=\"wp-block-column is-vertically-aligned-center is-content-justification-left is-layout-constrained wp-container-core-column-is-layout-de23c3dc wp-block-column-is-layout-constrained\" style=\"flex-basis:40%\">\n<h2 class=\"wp-block-heading alignwide has-xxx-large-font-size wp-container-content-958eb9dc\">D\u00e9bouchage de canalisation<\/h2>\n\n\n\n<p><em>Votre b\u00e9b\u00e9 a jet\u00e9 dans les WC son jouet ou une \u00e9pluchure d\u2019orange ? \u00c7a ne sert a rien de le gronder il ne comprendra pas.&nbsp;<\/em><\/p>\n\n\n\n<p>Au bout de quelques jours si rien ne se passe vous \u00eates sauv\u00e9s, mais si vous entendez des glouglous inhabituels ou sentez des mauvaises odeurs quand vous tirez la chasse d\u2019eau, c\u2019est que la canalisation est bouch\u00e9e.<\/p>\n\n\n\n<p class=\"has-black-color has-text-color has-link-color wp-elements-4d911bbb754b11f4817f174d5ebb6796\">Dans ce cas vous pouvez nous contacter au <a href=\"tel:0145189859\">01 45 18 98 59<\/a> pour vous sortir de cette mauvaise passe.<\/p>\n\n\n\n<p>Nous intervenons avec un camion hydrocureur (camion pompe) pour d\u00e9boucher vos canalisations dans les 2 heures si c\u2019est urgent ou sur rendez vous. Nous intervenons rapidement, pour d\u00e9boucher vos canalisations&nbsp; avant que des d\u00e9bordement d\u2019eaux sales ne causent des d\u00e9g\u00e2ts importants.<\/p>\n\n\n\n<p class=\"has-xxx-large-font-size\">A part les b\u00e9b\u00e9s qui nous apportent beaucoup de clients, il y a les lingettes et le sopalin qu\u2019il nous faudra un jour commissionner tellement ils nous apportent des clients. <\/p>\n\n\n\n<p>Pour vivre heureux ne jetez que du papier hygi\u00e9nique dans vos toilettes, les autres papiers ne sont pas biod\u00e9gradables.&nbsp;<\/p>\n\n\n\n<div style=\"height:17px\" aria-hidden=\"true\" class=\"wp-block-spacer\"><\/div>\n\n\n\n<div class=\"wp-block-columns alignfull are-vertically-aligned-center is-not-stacked-on-mobile is-layout-flex wp-container-core-columns-is-layout-28f84493 wp-block-columns-is-layout-flex\">\n<div class=\"wp-block-column is-vertically-aligned-center is-layout-flow wp-block-column-is-layout-flow\">\n<div class=\"wp-block-buttons has-custom-font-size has-extra-small-font-size is-layout-flex wp-block-buttons-is-layout-flex\">\n<div class=\"wp-block-button\"><a class=\"wp-block-button__link has-section-background-color has-secondary-background-color has-text-color has-background has-link-color wp-element-button\">Rendez-Vous en ligne<\/a><\/div>\n<\/div>\n<\/div>\n\n\n\n<div class=\"wp-block-column is-vertically-aligned-center is-layout-flow wp-block-column-is-layout-flow\">\n<div class=\"wp-block-buttons has-custom-font-size has-extra-small-font-size is-layout-flex wp-block-buttons-is-layout-flex\">\n<div class=\"wp-block-button\"><a class=\"wp-block-button__link has-secondary-color has-text-color has-link-color wp-element-button\">\ud83d\udcde01 45 18 98 59<\/a><\/div>\n<\/div>\n<\/div>\n<\/div>\n\n\n\n<div style=\"height:38px\" aria-hidden=\"true\" class=\"wp-block-spacer\"><\/div>\n\n\n\n<figure class=\"wp-block-gallery has-nested-images columns-default is-cropped wp-block-gallery-1 is-layout-flex wp-block-gallery-is-layout-flex\">\n<figure class=\"wp-block-image size-large\"><img loading=\"lazy\" decoding=\"async\" width=\"683\" height=\"1024\" data-id=\"310\" src=\"https:\/\/plombier-paris.ovh\/wp-content\/uploads\/2025\/11\/IMG-20251026-WA0004-683x1024.jpg\" alt=\"\" class=\"wp-image-310\" srcset=\"https:\/\/plombier-paris.ovh\/wp-content\/uploads\/2025\/11\/IMG-20251026-WA0004-683x1024.jpg 683w, https:\/\/plombier-paris.ovh\/wp-content\/uploads\/2025\/11\/IMG-20251026-WA0004-200x300.jpg 200w, https:\/\/plombier-paris.ovh\/wp-content\/uploads\/2025\/11\/IMG-20251026-WA0004-768x1152.jpg 768w, https:\/\/plombier-paris.ovh\/wp-content\/uploads\/2025\/11\/IMG-20251026-WA0004.jpg 1000w\" sizes=\"auto, (max-width: 683px) 100vw, 683px\" \/><\/figure>\n\n\n\n<figure class=\"wp-block-image size-large\"><img loading=\"lazy\" decoding=\"async\" width=\"1024\" height=\"681\" data-id=\"309\" src=\"https:\/\/plombier-paris.ovh\/wp-content\/uploads\/2025\/11\/IMG-20251026-WA0002-1024x681.jpg\" alt=\"\" class=\"wp-image-309\" srcset=\"https:\/\/plombier-paris.ovh\/wp-content\/uploads\/2025\/11\/IMG-20251026-WA0002-1024x681.jpg 1024w, https:\/\/plombier-paris.ovh\/wp-content\/uploads\/2025\/11\/IMG-20251026-WA0002-300x199.jpg 300w, https:\/\/plombier-paris.ovh\/wp-content\/uploads\/2025\/11\/IMG-20251026-WA0002-768x511.jpg 768w, https:\/\/plombier-paris.ovh\/wp-content\/uploads\/2025\/11\/IMG-20251026-WA0002.jpg 1504w\" sizes=\"auto, (max-width: 1024px) 100vw, 1024px\" \/><\/figure>\n\n\n\n<figure class=\"wp-block-image size-large\"><img loading=\"lazy\" decoding=\"async\" width=\"683\" height=\"1024\" data-id=\"311\" src=\"https:\/\/plombier-paris.ovh\/wp-content\/uploads\/2025\/11\/IMG-20251026-WA0003-683x1024.jpg\" alt=\"\" class=\"wp-image-311\" srcset=\"https:\/\/plombier-paris.ovh\/wp-content\/uploads\/2025\/11\/IMG-20251026-WA0003-683x1024.jpg 683w, https:\/\/plombier-paris.ovh\/wp-content\/uploads\/2025\/11\/IMG-20251026-WA0003-200x300.jpg 200w, https:\/\/plombier-paris.ovh\/wp-content\/uploads\/2025\/11\/IMG-20251026-WA0003-768x1152.jpg 768w, https:\/\/plombier-paris.ovh\/wp-content\/uploads\/2025\/11\/IMG-20251026-WA0003.jpg 1000w\" sizes=\"auto, (max-width: 683px) 100vw, 683px\" \/><\/figure>\n<\/figure>\n<\/div>\n\n\n\n<div class=\"wp-block-column is-vertically-aligned-center is-layout-flow wp-container-core-column-is-layout-fc5e3b10 wp-block-column-is-layout-flow\" style=\"flex-basis:60%\"><\/div>\n<\/div>\n<\/div>\n\n\n\n<div style=\"height:37px\" aria-hidden=\"true\" class=\"wp-block-spacer\"><\/div>\n\n\n\n<h2 class=\"wp-block-heading\">Curage de canalisation<\/h2>\n\n\n\n<p class=\"has-xxx-large-font-size\">Le curage d\u2019une canalisation est comparable a un d\u00e9tartrage chez le dentiste. Le curage consiste \u00e0 rendre \u00e0 votre canalisation son diam\u00e8tre initial en supprimant le tartre et les mati\u00e8res grasses agglom\u00e9r\u00e9es et ainsi rendre l\u2019\u00e9vacuation fluide. A l\u2019aide d\u2019une buse sp\u00e9cifique le curage est r\u00e9alis\u00e9 \u00e0 haute pression sans d\u00e9t\u00e9riorer vos canalisations.<\/p>\n\n\n\n<p class=\"has-xxx-large-font-size\">Apr\u00e8s un d\u00e9bouchage de canalisation, si le technicien constate que votre assainissement est satur\u00e9, il vous conseillera un curage pour \u00e9viter que vos canalisations ne se bouchent \u00e0 nouveau.<\/p>\n\n\n\n<div class=\"wp-block-columns alignfull are-vertically-aligned-center is-not-stacked-on-mobile is-layout-flex wp-container-core-columns-is-layout-28f84493 wp-block-columns-is-layout-flex\">\n<div class=\"wp-block-column is-vertically-aligned-center is-layout-flow wp-block-column-is-layout-flow\">\n<div class=\"wp-block-buttons has-custom-font-size has-extra-small-font-size is-layout-flex wp-block-buttons-is-layout-flex\">\n<div class=\"wp-block-button\"><a class=\"wp-block-button__link has-section-background-color has-secondary-background-color has-text-color has-background has-link-color wp-element-button\">Rendez-Vous en ligne<\/a><\/div>\n<\/div>\n<\/div>\n\n\n\n<div class=\"wp-block-column is-vertically-aligned-center is-layout-flow wp-block-column-is-layout-flow\">\n<div class=\"wp-block-buttons has-custom-font-size has-extra-small-font-size is-layout-flex wp-block-buttons-is-layout-flex\">\n<div class=\"wp-block-button\"><a class=\"wp-block-button__link has-secondary-color has-text-color has-link-color wp-element-button\">\ud83d\udcde01 45 18 98 59<\/a><\/div>\n<\/div>\n<\/div>\n<\/div>\n\n\n\n<div style=\"height:41px\" aria-hidden=\"true\" class=\"wp-block-spacer\"><\/div>\n\n\n\n<h2 class=\"wp-block-heading alignwide has-xxx-large-font-size wp-container-content-958eb9dc\">Inspection de canalisation<\/h2>\n\n\n\n<p>A l\u2019aide de camera endoscopique nous ferons un diagnostique de l\u2019\u00e9tat de votre assainissement.<\/p>\n\n\n\n<p>Le passage d\u2019une camera nous permet de voir si une canalisation est fissur\u00e9e ou rompue.&nbsp; Les fuites d\u2019eau sous terre favorisent le d\u00e9veloppement des racines des arbres \u00e0 proximit\u00e9. Sachez que les racines peuvent saturer vos canalisations et par la m\u00eame emp\u00eacher l\u2019\u00e9vacuation de se faire.<\/p>\n\n\n\n<p>Il est conseill\u00e9 de faire un curage de votre assainissement tous les 10 ans.<\/p>\n\n\n\n<div class=\"wp-block-columns alignfull are-vertically-aligned-center is-not-stacked-on-mobile is-layout-flex wp-container-core-columns-is-layout-28f84493 wp-block-columns-is-layout-flex\">\n<div class=\"wp-block-column is-vertically-aligned-center is-layout-flow wp-block-column-is-layout-flow\">\n<div class=\"wp-block-buttons has-custom-font-size has-extra-small-font-size is-layout-flex wp-block-buttons-is-layout-flex\">\n<div class=\"wp-block-button\"><a class=\"wp-block-button__link has-section-background-color has-secondary-background-color has-text-color has-background has-link-color wp-element-button\">Rendez-Vous en ligne<\/a><\/div>\n<\/div>\n<\/div>\n\n\n\n<div class=\"wp-block-column is-vertically-aligned-center is-layout-flow wp-block-column-is-layout-flow\">\n<div class=\"wp-block-buttons has-custom-font-size has-extra-small-font-size is-layout-flex wp-block-buttons-is-layout-flex\">\n<div class=\"wp-block-button\"><a class=\"wp-block-button__link has-secondary-color has-text-color has-link-color wp-element-button\">\ud83d\udcde01 45 18 98 59<\/a><\/div>\n<\/div>\n<\/div>\n<\/div>\n\n\n\n<div style=\"height:41px\" aria-hidden=\"true\" class=\"wp-block-spacer\"><\/div>\n\n\n\n<p><\/p>\n\n\n\n<h2 class=\"wp-block-heading\">Canalisation bouch\u00e9e<\/h2>\n\n\n\n<p>Un lavabo ou un \u00e9vier bouch\u00e9 ? Essayez avec une ventouse, n\u2019utilisez pas les produits miracle pour d\u00e9boucher, en effet, ces produits sont g\u00e9n\u00e9ralement compos\u00e9s de soude caustique dangereux pour vous, pour l\u2019environnement et souvent inefficaces et cela vous \u00e9vitera les frais d\u2019intervention d\u2019un plombier<\/p>\n\n\n\n<p class=\"has-secondary-color has-text-color has-link-color wp-elements-32e2e183ea4965194f2832ded983d196\">Si malgr\u00e9 vos efforts \u00e7a ne fonctionne pas appelez Plombier Paris et val de marne au <a href=\"tel:0145189859\">01 45 18 98 59<\/a> pour \u00eatre d\u00e9pann\u00e9 dans la journ\u00e9e<\/p>\n\n\n\n<p class=\"has-xxx-large-font-size\">Quand vous videz votre lavabo et que \u00e7a remonte par la baignoire ou la douche, le probleme est plus s\u00e9rieux.&nbsp; Il faudra d\u00e9boucher la canalisation soit avec un furet, soit par aspiration et si cela ne suffit pas l\u2019intervention avec un camion hydrocureur sera obligatoire (en maison individuelle, rarement en immeuble collectif)<\/p>\n\n\n\n<div class=\"wp-block-columns alignfull are-vertically-aligned-center is-not-stacked-on-mobile is-layout-flex wp-container-core-columns-is-layout-28f84493 wp-block-columns-is-layout-flex\">\n<div class=\"wp-block-column is-vertically-aligned-center is-layout-flow wp-block-column-is-layout-flow\">\n<div class=\"wp-block-buttons has-custom-font-size has-extra-small-font-size is-layout-flex wp-block-buttons-is-layout-flex\">\n<div class=\"wp-block-button\"><a class=\"wp-block-button__link has-section-background-color has-secondary-background-color has-text-color has-background has-link-color wp-element-button\">Rendez-Vous en ligne<\/a><\/div>\n<\/div>\n<\/div>\n\n\n\n<div class=\"wp-block-column is-vertically-aligned-center is-layout-flow wp-block-column-is-layout-flow\">\n<div class=\"wp-block-buttons has-custom-font-size has-extra-small-font-size is-layout-flex wp-block-buttons-is-layout-flex\">\n<div class=\"wp-block-button\"><a class=\"wp-block-button__link has-secondary-color has-text-color has-link-color wp-element-button\">\ud83d\udcde01 45 18 98 59<\/a><\/div>\n<\/div>\n<\/div>\n<\/div>\n\n\n\n<div style=\"height:41px\" aria-hidden=\"true\" class=\"wp-block-spacer\"><\/div>\n\n\n\n<p><\/p>\n<\/div>\n\n\n\n<p><\/p>\n\n\n\n<p><\/p>\n\n\n\n<p><\/p>\n","protected":false},"excerpt":{"rendered":"<p>D\u00e9bouchage de canalisation Votre b\u00e9b\u00e9 a jet\u00e9 dans les WC son jouet ou une \u00e9pluchure [&hellip;]<\/p>\n","protected":false},"author":1,"featured_media":0,"parent":0,"menu_order":0,"comment_status":"closed","ping_status":"closed","template":"","meta":{"footnotes":""},"class_list":["post-159","page","type-page","status-publish","hentry"],"yoast_head":"<!-- This site is optimized with the Yoast SEO plugin v26.1.1 - https:\/\/yoast.com\/wordpress\/plugins\/seo\/ -->\n<title>D\u00e9bouchage Canalisations - Informations l\u00e9gales<\/title>\n<meta name=\"robots\" content=\"index, follow, max-snippet:-1, max-image-preview:large, max-video-preview:-1\" \/>\n<link rel=\"canonical\" href=\"https:\/\/plombier-paris.ovh\/index.php\/canalisations\/\" \/>\n<meta property=\"og:locale\" content=\"fr_FR\" \/>\n<meta property=\"og:type\" content=\"article\" \/>\n<meta property=\"og:title\" content=\"D\u00e9bouchage Canalisations - Informations l\u00e9gales\" \/>\n<meta property=\"og:description\" content=\"D\u00e9bouchage de canalisation Votre b\u00e9b\u00e9 a jet\u00e9 dans les WC son jouet ou une \u00e9pluchure [&hellip;]\" \/>\n<meta property=\"og:url\" content=\"https:\/\/plombier-paris.ovh\/index.php\/canalisations\/\" \/>\n<meta property=\"og:site_name\" content=\"Informations l\u00e9gales\" \/>\n<meta property=\"article:modified_time\" content=\"2025-11-23T13:50:32+00:00\" \/>\n<meta property=\"og:image\" content=\"https:\/\/plombier-paris.ovh\/wp-content\/uploads\/2025\/11\/IMG-20251026-WA0004.jpg\" \/>\n\t<meta property=\"og:image:width\" content=\"1000\" \/>\n\t<meta property=\"og:image:height\" content=\"1500\" \/>\n\t<meta property=\"og:image:type\" content=\"image\/jpeg\" \/>\n<meta name=\"twitter:card\" content=\"summary_large_image\" \/>\n<meta name=\"twitter:label1\" content=\"Dur\u00e9e de lecture estim\u00e9e\" \/>\n\t<meta name=\"twitter:data1\" content=\"4 minutes\" \/>\n<script type=\"application\/ld+json\" class=\"yoast-schema-graph\">{\"@context\":\"https:\/\/schema.org\",\"@graph\":[{\"@type\":\"WebPage\",\"@id\":\"https:\/\/plombier-paris.ovh\/index.php\/canalisations\/\",\"url\":\"https:\/\/plombier-paris.ovh\/index.php\/canalisations\/\",\"name\":\"D\u00e9bouchage Canalisations - Informations l\u00e9gales\",\"isPartOf\":{\"@id\":\"https:\/\/plombier-paris.ovh\/#website\"},\"primaryImageOfPage\":{\"@id\":\"https:\/\/plombier-paris.ovh\/index.php\/canalisations\/#primaryimage\"},\"image\":{\"@id\":\"https:\/\/plombier-paris.ovh\/index.php\/canalisations\/#primaryimage\"},\"thumbnailUrl\":\"https:\/\/plombier-paris.ovh\/wp-content\/uploads\/2025\/11\/IMG-20251026-WA0004-683x1024.jpg\",\"datePublished\":\"2025-10-16T11:42:11+00:00\",\"dateModified\":\"2025-11-23T13:50:32+00:00\",\"breadcrumb\":{\"@id\":\"https:\/\/plombier-paris.ovh\/index.php\/canalisations\/#breadcrumb\"},\"inLanguage\":\"fr-FR\",\"potentialAction\":[{\"@type\":\"ReadAction\",\"target\":[\"https:\/\/plombier-paris.ovh\/index.php\/canalisations\/\"]}]},{\"@type\":\"ImageObject\",\"inLanguage\":\"fr-FR\",\"@id\":\"https:\/\/plombier-paris.ovh\/index.php\/canalisations\/#primaryimage\",\"url\":\"https:\/\/plombier-paris.ovh\/wp-content\/uploads\/2025\/11\/IMG-20251026-WA0004.jpg\",\"contentUrl\":\"https:\/\/plombier-paris.ovh\/wp-content\/uploads\/2025\/11\/IMG-20251026-WA0004.jpg\",\"width\":1000,\"height\":1500},{\"@type\":\"BreadcrumbList\",\"@id\":\"https:\/\/plombier-paris.ovh\/index.php\/canalisations\/#breadcrumb\",\"itemListElement\":[{\"@type\":\"ListItem\",\"position\":1,\"name\":\"Accueil\",\"item\":\"https:\/\/plombier-paris.ovh\/\"},{\"@type\":\"ListItem\",\"position\":2,\"name\":\"D\u00e9bouchage Canalisations\"}]},{\"@type\":\"WebSite\",\"@id\":\"https:\/\/plombier-paris.ovh\/#website\",\"url\":\"https:\/\/plombier-paris.ovh\/\",\"name\":\"Plombier-Paris\",\"description\":\"Plombier-Paris &amp; Val-de-Marne. 7J\/7\",\"publisher\":{\"@id\":\"https:\/\/plombier-paris.ovh\/#organization\"},\"potentialAction\":[{\"@type\":\"SearchAction\",\"target\":{\"@type\":\"EntryPoint\",\"urlTemplate\":\"https:\/\/plombier-paris.ovh\/?s={search_term_string}\"},\"query-input\":{\"@type\":\"PropertyValueSpecification\",\"valueRequired\":true,\"valueName\":\"search_term_string\"}}],\"inLanguage\":\"fr-FR\"},{\"@type\":\"Organization\",\"@id\":\"https:\/\/plombier-paris.ovh\/#organization\",\"name\":\"Plombier-Paris\",\"url\":\"https:\/\/plombier-paris.ovh\/\",\"logo\":{\"@type\":\"ImageObject\",\"inLanguage\":\"fr-FR\",\"@id\":\"https:\/\/plombier-paris.ovh\/#\/schema\/logo\/image\/\",\"url\":\"https:\/\/plombier-paris.ovh\/wp-content\/uploads\/2025\/10\/cropped-Logoplombierelbilia-cut.png\",\"contentUrl\":\"https:\/\/plombier-paris.ovh\/wp-content\/uploads\/2025\/10\/cropped-Logoplombierelbilia-cut.png\",\"width\":512,\"height\":512,\"caption\":\"Plombier-Paris\"},\"image\":{\"@id\":\"https:\/\/plombier-paris.ovh\/#\/schema\/logo\/image\/\"}}]}<\/script>\n<!-- \/ Yoast SEO plugin. -->","yoast_head_json":{"title":"D\u00e9bouchage Canalisations - Informations l\u00e9gales","robots":{"index":"index","follow":"follow","max-snippet":"max-snippet:-1","max-image-preview":"max-image-preview:large","max-video-preview":"max-video-preview:-1"},"canonical":"https:\/\/plombier-paris.ovh\/index.php\/canalisations\/","og_locale":"fr_FR","og_type":"article","og_title":"D\u00e9bouchage Canalisations - Informations l\u00e9gales","og_description":"D\u00e9bouchage de canalisation Votre b\u00e9b\u00e9 a jet\u00e9 dans les WC son jouet ou une \u00e9pluchure [&hellip;]","og_url":"https:\/\/plombier-paris.ovh\/index.php\/canalisations\/","og_site_name":"Informations l\u00e9gales","article_modified_time":"2025-11-23T13:50:32+00:00","og_image":[{"width":1000,"height":1500,"url":"https:\/\/plombier-paris.ovh\/wp-content\/uploads\/2025\/11\/IMG-20251026-WA0004.jpg","type":"image\/jpeg"}],"twitter_card":"summary_large_image","twitter_misc":{"Dur\u00e9e de lecture estim\u00e9e":"4 minutes"},"schema":{"@context":"https:\/\/schema.org","@graph":[{"@type":"WebPage","@id":"https:\/\/plombier-paris.ovh\/index.php\/canalisations\/","url":"https:\/\/plombier-paris.ovh\/index.php\/canalisations\/","name":"D\u00e9bouchage Canalisations - Informations l\u00e9gales","isPartOf":{"@id":"https:\/\/plombier-paris.ovh\/#website"},"primaryImageOfPage":{"@id":"https:\/\/plombier-paris.ovh\/index.php\/canalisations\/#primaryimage"},"image":{"@id":"https:\/\/plombier-paris.ovh\/index.php\/canalisations\/#primaryimage"},"thumbnailUrl":"https:\/\/plombier-paris.ovh\/wp-content\/uploads\/2025\/11\/IMG-20251026-WA0004-683x1024.jpg","datePublished":"2025-10-16T11:42:11+00:00","dateModified":"2025-11-23T13:50:32+00:00","breadcrumb":{"@id":"https:\/\/plombier-paris.ovh\/index.php\/canalisations\/#breadcrumb"},"inLanguage":"fr-FR","potentialAction":[{"@type":"ReadAction","target":["https:\/\/plombier-paris.ovh\/index.php\/canalisations\/"]}]},{"@type":"ImageObject","inLanguage":"fr-FR","@id":"https:\/\/plombier-paris.ovh\/index.php\/canalisations\/#primaryimage","url":"https:\/\/plombier-paris.ovh\/wp-content\/uploads\/2025\/11\/IMG-20251026-WA0004.jpg","contentUrl":"https:\/\/plombier-paris.ovh\/wp-content\/uploads\/2025\/11\/IMG-20251026-WA0004.jpg","width":1000,"height":1500},{"@type":"BreadcrumbList","@id":"https:\/\/plombier-paris.ovh\/index.php\/canalisations\/#breadcrumb","itemListElement":[{"@type":"ListItem","position":1,"name":"Accueil","item":"https:\/\/plombier-paris.ovh\/"},{"@type":"ListItem","position":2,"name":"D\u00e9bouchage Canalisations"}]},{"@type":"WebSite","@id":"https:\/\/plombier-paris.ovh\/#website","url":"https:\/\/plombier-paris.ovh\/","name":"Plombier-Paris","description":"Plombier-Paris &amp; Val-de-Marne. 7J\/7","publisher":{"@id":"https:\/\/plombier-paris.ovh\/#organization"},"potentialAction":[{"@type":"SearchAction","target":{"@type":"EntryPoint","urlTemplate":"https:\/\/plombier-paris.ovh\/?s={search_term_string}"},"query-input":{"@type":"PropertyValueSpecification","valueRequired":true,"valueName":"search_term_string"}}],"inLanguage":"fr-FR"},{"@type":"Organization","@id":"https:\/\/plombier-paris.ovh\/#organization","name":"Plombier-Paris","url":"https:\/\/plombier-paris.ovh\/","logo":{"@type":"ImageObject","inLanguage":"fr-FR","@id":"https:\/\/plombier-paris.ovh\/#\/schema\/logo\/image\/","url":"https:\/\/plombier-paris.ovh\/wp-content\/uploads\/2025\/10\/cropped-Logoplombierelbilia-cut.png","contentUrl":"https:\/\/plombier-paris.ovh\/wp-content\/uploads\/2025\/10\/cropped-Logoplombierelbilia-cut.png","width":512,"height":512,"caption":"Plombier-Paris"},"image":{"@id":"https:\/\/plombier-paris.ovh\/#\/schema\/logo\/image\/"}}]}},"_links":{"self":[{"href":"https:\/\/plombier-paris.ovh\/index.php\/wp-json\/wp\/v2\/pages\/159","targetHints":{"allow":["GET"]}}],"collection":[{"href":"https:\/\/plombier-paris.ovh\/index.php\/wp-json\/wp\/v2\/pages"}],"about":[{"href":"https:\/\/plombier-paris.ovh\/index.php\/wp-json\/wp\/v2\/types\/page"}],"author":[{"embeddable":true,"href":"https:\/\/plombier-paris.ovh\/index.php\/wp-json\/wp\/v2\/users\/1"}],"replies":[{"embeddable":true,"href":"https:\/\/plombier-paris.ovh\/index.php\/wp-json\/wp\/v2\/comments?post=159"}],"version-history":[{"count":28,"href":"https:\/\/plombier-paris.ovh\/index.php\/wp-json\/wp\/v2\/pages\/159\/revisions"}],"predecessor-version":[{"id":450,"href":"https:\/\/plombier-paris.ovh\/index.php\/wp-json\/wp\/v2\/pages\/159\/revisions\/450"}],"wp:attachment":[{"href":"https:\/\/plombier-paris.ovh\/index.php\/wp-json\/wp\/v2\/media?parent=159"}],"curies":[{"name":"wp","href":"https:\/\/api.w.org\/{rel}","templated":true}]}}