{"id":165,"date":"2025-10-16T11:47:56","date_gmt":"2025-10-16T11:47:56","guid":{"rendered":"http:\/\/plombier-paris.ovh\/?page_id=165"},"modified":"2025-11-01T12:57:45","modified_gmt":"2025-11-01T12:57:45","slug":"chauffage","status":"publish","type":"page","link":"https:\/\/plombier-paris.ovh\/index.php\/chauffage\/","title":{"rendered":"Chauffage"},"content":{"rendered":"\n<div class=\"wp-block-group alignfull is-style-default is-content-justification-center is-layout-constrained wp-container-core-group-is-layout-1d7c1b53 wp-block-group-is-layout-constrained\" style=\"margin-top:0;margin-bottom:0;padding-top:0;padding-right:var(--wp--preset--spacing--50);padding-bottom:0;padding-left:var(--wp--preset--spacing--50)\">\n<div class=\"wp-block-group alignwide is-style-default is-layout-flow wp-block-group-is-layout-flow\" style=\"margin-top:0;margin-bottom:0\">\n<div class=\"wp-block-columns alignwide are-vertically-aligned-center is-style-default is-layout-flex wp-container-core-columns-is-layout-08c01c1c wp-block-columns-is-layout-flex\">\n<div class=\"wp-block-column is-vertically-aligned-center is-content-justification-left is-layout-constrained wp-container-core-column-is-layout-de23c3dc wp-block-column-is-layout-constrained\" style=\"flex-basis:40%\">\n<h2 class=\"wp-block-heading alignwide has-xxx-large-font-size wp-container-content-958eb9dc\">Entretien de Chaudi\u00e8re \u00e0 Gaz&nbsp;<\/h2>\n\n\n\n<p>Plombier Chauffagiste Paris,&nbsp; un service rapide et efficace pour l\u2019entretien et le depannage de votre chaudi\u00e8re \u00e0 gaz.<\/p>\n\n\n\n<p class=\"has-black-color has-text-color has-link-color wp-elements-4762fd265db8c5cdc7f334a6797c84ea\">Contactez-nous au <a href=\"tel:0145189859\">01 45 18 98 59<\/a> pour un entretien ponctuel ou un contrat d\u2019entretien de votre chaudiere.<\/p>\n\n\n\n<p>Si vous poss\u00e9dez encore une chaudi\u00e8re a tirage naturel nous assurons le ramonage du conduit d\u2019\u00e9vacuation des gaz brul\u00e9s.<\/p>\n\n\n\n<div style=\"height:81px\" aria-hidden=\"true\" class=\"wp-block-spacer\"><\/div>\n<\/div>\n\n\n\n<div class=\"wp-block-column is-vertically-aligned-center is-layout-flow wp-container-core-column-is-layout-fc5e3b10 wp-block-column-is-layout-flow\" style=\"flex-basis:60%\">\n<div class=\"wp-block-columns is-not-stacked-on-mobile is-layout-flex wp-container-core-columns-is-layout-28232c24 wp-block-columns-is-layout-flex\">\n<div class=\"wp-block-column is-layout-flow wp-block-column-is-layout-flow\" style=\"padding-top:7.5%;flex-basis:30%\"><\/div>\n\n\n\n<div class=\"wp-block-column is-vertically-aligned-bottom is-layout-flow wp-block-column-is-layout-flow\" style=\"padding-top:15%;flex-basis:60%\"><\/div>\n\n\n\n<div class=\"wp-block-column is-layout-flow wp-block-column-is-layout-flow\" style=\"flex-basis:30%\"><\/div>\n<\/div>\n<\/div>\n<\/div>\n<\/div>\n<\/div>\n\n\n\n<div class=\"wp-block-group alignfull is-style-default is-content-justification-center is-layout-constrained wp-container-core-group-is-layout-89c4687f wp-block-group-is-layout-constrained\" style=\"margin-top:0;margin-bottom:0;padding-top:0;padding-right:var(--wp--preset--spacing--50);padding-bottom:0;padding-left:var(--wp--preset--spacing--50)\">\n<div class=\"wp-block-group alignwide is-layout-constrained wp-block-group-is-layout-constrained\">\n<h2 class=\"wp-block-heading alignfull has-text-align-left\">Contrat d\u2019entretien chaudi\u00e8re<\/h2>\n<\/div>\n\n\n\n<div class=\"wp-block-group alignwide is-layout-flow wp-block-group-is-layout-flow\">\n<div class=\"wp-block-group is-layout-flow wp-block-group-is-layout-flow\">\n<div class=\"wp-block-columns alignwide is-layout-flex wp-container-core-columns-is-layout-549b0c86 wp-block-columns-is-layout-flex\">\n<div class=\"wp-block-column is-layout-flow wp-block-column-is-layout-flow\">\n<h3 class=\"wp-block-heading is-service-name\">Entretien Obligatoire de Chaudi\u00e8re \u00e0 Gaz<\/h3>\n\n\n\n<p class=\"is-service-description\">L&rsquo;entretien annuel est essentiel pour la s\u00e9curit\u00e9 et la long\u00e9vit\u00e9 de votre \u00e9quipement.&nbsp;<\/p>\n\n\n\n<p class=\"is-service-description\">Chez Plombier Chauffagiste Paris, nous respectons les <strong>normes AFNOR NF P 23-001<\/strong> pour un contr\u00f4le complet.<\/p>\n\n\n\n<figure class=\"wp-block-image size-large is-resized\"><img decoding=\"async\" src=\"https:\/\/abcdepannage94-txbim.wordpress.com\/wp-content\/uploads\/2025\/10\/nf.png?w=271\" alt=\"\" class=\"wp-image-80\" style=\"width:113px;height:auto\"\/><\/figure>\n\n\n\n<p><\/p>\n\n\n\n<p><\/p>\n\n\n\n<p><\/p>\n<\/div>\n\n\n\n<div class=\"wp-block-column is-layout-flow wp-block-column-is-layout-flow\">\n<h3 class=\"wp-block-heading is-service-name\">\u00c9tapes Cl\u00e9s de l&rsquo;Entretien<\/h3>\n\n\n\n<ul class=\"wp-block-list\">\n<li><strong>Nettoyage et V\u00e9rification : <\/strong>Br\u00fbleur, \u00e9changeur et conduits sont purg\u00e9s et inspect\u00e9s pour \u00e9viter les obstructions.<\/li>\n\n\n\n<li><strong>Contr\u00f4le des \u00c9missions : <\/strong>Mesure du monoxyde de carbone et ajustement de la combustion pour une efficacit\u00e9 optimale.<\/li>\n\n\n\n<li class=\"has-black-color has-text-color has-link-color wp-elements-25b3376e63a8e428cbbcf4aa39ce123f\"><strong>Test de S\u00e9curit\u00e9 : <\/strong>V\u00e9rification des vannes et d\u00e9tecteurs pour pr\u00e9venir tout risque. Planifiez votre visite au <a href=\"tel:0145189859\">01 45 18 98 59<\/a>.<\/li>\n<\/ul>\n<\/div>\n\n\n\n<div class=\"wp-block-column is-layout-flow wp-block-column-is-layout-flow\">\n<h3 class=\"wp-block-heading is-service-name\">Remplacement de chaudi\u00e8re&nbsp;<\/h3>\n\n\n\n<p class=\"is-service-description\">Vous envisagez le remplacement de votre chaudi\u00e8re? Si votre chaudi\u00e8re actuelle est \u00e0 tirage naturel (raccord\u00e9e \u00e0 un conduit de chemin\u00e9e), ce type de chaudi\u00e8re n\u2019est plus autoris\u00e9, il faudra opter pour chaudi\u00e8re a condensation.<\/p>\n\n\n\n<p class=\"is-service-description\">L\u2019installation d\u2019une chaudi\u00e8re a condensation s\u2019accompagne obligatoirement d\u2019un tubage en polypropyl\u00e8ne jusqu\u2019au toit ou le carottage d\u2019un mur de fa\u00e7ade pour l\u2019\u00e9vacuation de la vapeur.<\/p>\n<\/div>\n<\/div>\n<\/div>\n<\/div>\n<\/div>\n\n\n\n<p class=\"has-text-align-center has-black-color has-text-color has-link-color has-large-font-size wp-elements-a13e64e5fc9732e857a1bea316a1df56\">Pour plus de renseignements ou demande de devis : <a href=\"tel:0145189859\">01 45 18 98 59<\/a>.<\/p>\n\n\n\n<div style=\"height:38px\" aria-hidden=\"true\" class=\"wp-block-spacer\"><\/div>\n\n\n\n<hr class=\"wp-block-separator has-text-color has-primary-color has-alpha-channel-opacity has-primary-background-color has-background is-style-wide\"\/>\n\n\n\n<h3 class=\"wp-block-heading has-secondary-color has-text-color has-link-color wp-elements-b72c3af8aea647d1ce4298076d6993f6\">Prendre Rendez-Vous<\/h3>\n\n\n\n<div class=\"wp-block-columns is-layout-flex wp-container-core-columns-is-layout-28f84493 wp-block-columns-is-layout-flex\">\n<div class=\"wp-block-column is-layout-flow wp-block-column-is-layout-flow\" style=\"flex-basis:25%\"><\/div>\n\n\n\n<div class=\"wp-block-column is-layout-flow wp-block-column-is-layout-flow\" style=\"flex-basis:50%\"><!--\nPlugin Name: Bookly - Responsive WordPress Appointment Booking and Scheduling Plugin\nPlugin URI: https:\/\/www.booking-wp-plugin.com\/?utm_source=bookly_admin&utm_medium=plugins_page&utm_campaign=plugins_page\nVersion: 25.7-->\n<style type=\"text\/css\">\n    :root {\n        --bookly-main-color: #22d6cd !important;\n        --bookly-color: #22d6cd !important;\n    }\n\n    <\/style><div class=\"bookly-css-root\">\n    <div id=\"bookly-form-69d9fc1d6ba1a\" class=\"bookly-form\" data-form_id=\"69d9fc1d6ba1a\" aria-live=\"polite\">\n        <div style=\"text-align: center\"><img decoding=\"async\" src=\"https:\/\/plombier-paris.ovh\/wp-includes\/js\/tinymce\/skins\/lightgray\/img\/loader.gif\" alt=\"Chargement...\"\/><\/div>\n    <\/div>\n<\/div>\n<script type=\"text\/javascript\">\n    (function (win, fn) {\n        var done = false, top = true,\n            doc = win.document,\n            root = doc.documentElement,\n            modern = doc.addEventListener,\n            add = modern ? 'addEventListener' : 'attachEvent',\n            rem = modern ? 'removeEventListener' : 'detachEvent',\n            pre = modern ? '' : 'on',\n            init = function (e) {\n                if (e.type == 'readystatechange') if (doc.readyState != 'complete') return;\n                (e.type == 'load' ? win : doc)[rem](pre + e.type, init, false);\n                if (!done) {\n                    done = true;\n                    fn.call(win, e.type || e);\n                }\n            },\n            poll = function () {\n                try {\n                    root.doScroll('left');\n                } catch (e) {\n                    setTimeout(poll, 50);\n                    return;\n                }\n                init('poll');\n            };\n        if (doc.readyState == 'complete') fn.call(win, 'lazy');\n        else {\n            if (!modern) if (root.doScroll) {\n                try {\n                    top = !win.frameElement;\n                } catch (e) {\n                }\n                if (top) poll();\n            }\n            doc[add](pre + 'DOMContentLoaded', init, false);\n            doc[add](pre + 'readystatechange', init, false);\n            win[add](pre + 'load', init, false);\n        }\n    })(window, function () {\n        window.bookly( {\"form_id\":\"69d9fc1d6ba1a\",\"status\":{\"booking\":\"new\"},\"skip_steps\":{\"service_part1\":0,\"service_part2\":0,\"extras\":1,\"time\":0,\"repeat\":1,\"cart\":1},\"errors\":{\"session_error\":\"Erreur Session.\",\"form_id_error\":\"ID Formulaire d'erreur.\",\"cart_item_not_available\":\"Le cr\\u00e9neau horaire s\\u00e9lectionn\\u00e9 n'est plus disponible. Merci d'en choisir un autre.\",\"pay_locally_not_available\":\"Le paiement local n'est pas disponible.\",\"invalid_gateway\":\"Portail invalide.\",\"payment_error\":\"Erreur\",\"incorrect_username_password\":\"Identifiant ou mot de passe incorrect.\"},\"form_attributes\":{\"hide_categories\":true,\"hide_services\":false,\"hide_staff_members\":true,\"show_number_of_persons\":false,\"hide_service_duration\":true,\"hide_locations\":true,\"hide_quantity\":true,\"hide_date\":false,\"hide_week_days\":true,\"hide_time_range\":true},\"use_client_time_zone\":0,\"defaults\":{\"service_id\":0,\"staff_id\":1,\"location_id\":0,\"category_id\":0},\"datepicker_mode\":\"text-accent\"} );\n    });\n<\/script>\n<\/div>\n\n\n\n<div class=\"wp-block-column is-layout-flow wp-block-column-is-layout-flow\" style=\"flex-basis:25%\"><\/div>\n<\/div>\n\n\n\n<div class=\"wp-block-columns is-layout-flex wp-container-core-columns-is-layout-28f84493 wp-block-columns-is-layout-flex\">\n<div class=\"wp-block-column is-layout-flow wp-block-column-is-layout-flow\" style=\"flex-basis:66.66%\"><\/div>\n\n\n\n<div class=\"wp-block-column is-layout-flow wp-block-column-is-layout-flow\" style=\"flex-basis:33.33%\"><\/div>\n<\/div>\n\n\n\n<hr class=\"wp-block-separator has-text-color has-primary-color has-alpha-channel-opacity has-primary-background-color has-background is-style-wide\"\/>\n","protected":false},"excerpt":{"rendered":"<p>Entretien de Chaudi\u00e8re \u00e0 Gaz&nbsp; Plombier Chauffagiste Paris,&nbsp; un service rapide et efficace pour l\u2019entretien [&hellip;]<\/p>\n","protected":false},"author":1,"featured_media":0,"parent":0,"menu_order":0,"comment_status":"closed","ping_status":"closed","template":"","meta":{"footnotes":""},"class_list":["post-165","page","type-page","status-publish","hentry"],"yoast_head":"<!-- This site is optimized with the Yoast SEO plugin v26.1.1 - https:\/\/yoast.com\/wordpress\/plugins\/seo\/ -->\n<title>Chauffage - Informations l\u00e9gales<\/title>\n<meta name=\"robots\" content=\"index, follow, max-snippet:-1, max-image-preview:large, max-video-preview:-1\" \/>\n<link rel=\"canonical\" href=\"https:\/\/plombier-paris.ovh\/index.php\/chauffage\/\" \/>\n<meta property=\"og:locale\" content=\"fr_FR\" \/>\n<meta property=\"og:type\" content=\"article\" \/>\n<meta property=\"og:title\" content=\"Chauffage - Informations l\u00e9gales\" \/>\n<meta property=\"og:description\" content=\"Entretien de Chaudi\u00e8re \u00e0 Gaz&nbsp; Plombier Chauffagiste Paris,&nbsp; un service rapide et efficace pour l\u2019entretien [&hellip;]\" \/>\n<meta property=\"og:url\" content=\"https:\/\/plombier-paris.ovh\/index.php\/chauffage\/\" \/>\n<meta property=\"og:site_name\" content=\"Informations l\u00e9gales\" \/>\n<meta property=\"article:modified_time\" content=\"2025-11-01T12:57:45+00:00\" \/>\n<meta property=\"og:image\" content=\"https:\/\/plombier-paris.ovh\/wp-content\/uploads\/2025\/11\/logo-transparent-pdf.png\" \/>\n\t<meta property=\"og:image:width\" content=\"1649\" \/>\n\t<meta property=\"og:image:height\" content=\"1304\" \/>\n\t<meta property=\"og:image:type\" content=\"image\/png\" \/>\n<meta name=\"twitter:card\" content=\"summary_large_image\" \/>\n<meta name=\"twitter:label1\" content=\"Dur\u00e9e de lecture estim\u00e9e\" \/>\n\t<meta name=\"twitter:data1\" content=\"3 minutes\" \/>\n<script type=\"application\/ld+json\" class=\"yoast-schema-graph\">{\"@context\":\"https:\/\/schema.org\",\"@graph\":[{\"@type\":\"WebPage\",\"@id\":\"https:\/\/plombier-paris.ovh\/index.php\/chauffage\/\",\"url\":\"https:\/\/plombier-paris.ovh\/index.php\/chauffage\/\",\"name\":\"Chauffage - Informations l\u00e9gales\",\"isPartOf\":{\"@id\":\"https:\/\/plombier-paris.ovh\/#website\"},\"primaryImageOfPage\":{\"@id\":\"https:\/\/plombier-paris.ovh\/index.php\/chauffage\/#primaryimage\"},\"image\":{\"@id\":\"https:\/\/plombier-paris.ovh\/index.php\/chauffage\/#primaryimage\"},\"thumbnailUrl\":\"https:\/\/abcdepannage94-txbim.wordpress.com\/wp-content\/uploads\/2025\/10\/nf.png?w=271\",\"datePublished\":\"2025-10-16T11:47:56+00:00\",\"dateModified\":\"2025-11-01T12:57:45+00:00\",\"breadcrumb\":{\"@id\":\"https:\/\/plombier-paris.ovh\/index.php\/chauffage\/#breadcrumb\"},\"inLanguage\":\"fr-FR\",\"potentialAction\":[{\"@type\":\"ReadAction\",\"target\":[\"https:\/\/plombier-paris.ovh\/index.php\/chauffage\/\"]}]},{\"@type\":\"ImageObject\",\"inLanguage\":\"fr-FR\",\"@id\":\"https:\/\/plombier-paris.ovh\/index.php\/chauffage\/#primaryimage\",\"url\":\"https:\/\/abcdepannage94-txbim.wordpress.com\/wp-content\/uploads\/2025\/10\/nf.png?w=271\",\"contentUrl\":\"https:\/\/abcdepannage94-txbim.wordpress.com\/wp-content\/uploads\/2025\/10\/nf.png?w=271\"},{\"@type\":\"BreadcrumbList\",\"@id\":\"https:\/\/plombier-paris.ovh\/index.php\/chauffage\/#breadcrumb\",\"itemListElement\":[{\"@type\":\"ListItem\",\"position\":1,\"name\":\"Accueil\",\"item\":\"https:\/\/plombier-paris.ovh\/\"},{\"@type\":\"ListItem\",\"position\":2,\"name\":\"Chauffage\"}]},{\"@type\":\"WebSite\",\"@id\":\"https:\/\/plombier-paris.ovh\/#website\",\"url\":\"https:\/\/plombier-paris.ovh\/\",\"name\":\"Plombier-Paris\",\"description\":\"Plombier-Paris &amp; Val-de-Marne. 7J\/7\",\"publisher\":{\"@id\":\"https:\/\/plombier-paris.ovh\/#organization\"},\"potentialAction\":[{\"@type\":\"SearchAction\",\"target\":{\"@type\":\"EntryPoint\",\"urlTemplate\":\"https:\/\/plombier-paris.ovh\/?s={search_term_string}\"},\"query-input\":{\"@type\":\"PropertyValueSpecification\",\"valueRequired\":true,\"valueName\":\"search_term_string\"}}],\"inLanguage\":\"fr-FR\"},{\"@type\":\"Organization\",\"@id\":\"https:\/\/plombier-paris.ovh\/#organization\",\"name\":\"Plombier-Paris\",\"url\":\"https:\/\/plombier-paris.ovh\/\",\"logo\":{\"@type\":\"ImageObject\",\"inLanguage\":\"fr-FR\",\"@id\":\"https:\/\/plombier-paris.ovh\/#\/schema\/logo\/image\/\",\"url\":\"https:\/\/plombier-paris.ovh\/wp-content\/uploads\/2025\/10\/cropped-Logoplombierelbilia-cut.png\",\"contentUrl\":\"https:\/\/plombier-paris.ovh\/wp-content\/uploads\/2025\/10\/cropped-Logoplombierelbilia-cut.png\",\"width\":512,\"height\":512,\"caption\":\"Plombier-Paris\"},\"image\":{\"@id\":\"https:\/\/plombier-paris.ovh\/#\/schema\/logo\/image\/\"}}]}<\/script>\n<!-- \/ Yoast SEO plugin. -->","yoast_head_json":{"title":"Chauffage - Informations l\u00e9gales","robots":{"index":"index","follow":"follow","max-snippet":"max-snippet:-1","max-image-preview":"max-image-preview:large","max-video-preview":"max-video-preview:-1"},"canonical":"https:\/\/plombier-paris.ovh\/index.php\/chauffage\/","og_locale":"fr_FR","og_type":"article","og_title":"Chauffage - Informations l\u00e9gales","og_description":"Entretien de Chaudi\u00e8re \u00e0 Gaz&nbsp; Plombier Chauffagiste Paris,&nbsp; un service rapide et efficace pour l\u2019entretien [&hellip;]","og_url":"https:\/\/plombier-paris.ovh\/index.php\/chauffage\/","og_site_name":"Informations l\u00e9gales","article_modified_time":"2025-11-01T12:57:45+00:00","og_image":[{"width":1649,"height":1304,"url":"https:\/\/plombier-paris.ovh\/wp-content\/uploads\/2025\/11\/logo-transparent-pdf.png","type":"image\/png"}],"twitter_card":"summary_large_image","twitter_misc":{"Dur\u00e9e de lecture estim\u00e9e":"3 minutes"},"schema":{"@context":"https:\/\/schema.org","@graph":[{"@type":"WebPage","@id":"https:\/\/plombier-paris.ovh\/index.php\/chauffage\/","url":"https:\/\/plombier-paris.ovh\/index.php\/chauffage\/","name":"Chauffage - Informations l\u00e9gales","isPartOf":{"@id":"https:\/\/plombier-paris.ovh\/#website"},"primaryImageOfPage":{"@id":"https:\/\/plombier-paris.ovh\/index.php\/chauffage\/#primaryimage"},"image":{"@id":"https:\/\/plombier-paris.ovh\/index.php\/chauffage\/#primaryimage"},"thumbnailUrl":"https:\/\/abcdepannage94-txbim.wordpress.com\/wp-content\/uploads\/2025\/10\/nf.png?w=271","datePublished":"2025-10-16T11:47:56+00:00","dateModified":"2025-11-01T12:57:45+00:00","breadcrumb":{"@id":"https:\/\/plombier-paris.ovh\/index.php\/chauffage\/#breadcrumb"},"inLanguage":"fr-FR","potentialAction":[{"@type":"ReadAction","target":["https:\/\/plombier-paris.ovh\/index.php\/chauffage\/"]}]},{"@type":"ImageObject","inLanguage":"fr-FR","@id":"https:\/\/plombier-paris.ovh\/index.php\/chauffage\/#primaryimage","url":"https:\/\/abcdepannage94-txbim.wordpress.com\/wp-content\/uploads\/2025\/10\/nf.png?w=271","contentUrl":"https:\/\/abcdepannage94-txbim.wordpress.com\/wp-content\/uploads\/2025\/10\/nf.png?w=271"},{"@type":"BreadcrumbList","@id":"https:\/\/plombier-paris.ovh\/index.php\/chauffage\/#breadcrumb","itemListElement":[{"@type":"ListItem","position":1,"name":"Accueil","item":"https:\/\/plombier-paris.ovh\/"},{"@type":"ListItem","position":2,"name":"Chauffage"}]},{"@type":"WebSite","@id":"https:\/\/plombier-paris.ovh\/#website","url":"https:\/\/plombier-paris.ovh\/","name":"Plombier-Paris","description":"Plombier-Paris &amp; Val-de-Marne. 7J\/7","publisher":{"@id":"https:\/\/plombier-paris.ovh\/#organization"},"potentialAction":[{"@type":"SearchAction","target":{"@type":"EntryPoint","urlTemplate":"https:\/\/plombier-paris.ovh\/?s={search_term_string}"},"query-input":{"@type":"PropertyValueSpecification","valueRequired":true,"valueName":"search_term_string"}}],"inLanguage":"fr-FR"},{"@type":"Organization","@id":"https:\/\/plombier-paris.ovh\/#organization","name":"Plombier-Paris","url":"https:\/\/plombier-paris.ovh\/","logo":{"@type":"ImageObject","inLanguage":"fr-FR","@id":"https:\/\/plombier-paris.ovh\/#\/schema\/logo\/image\/","url":"https:\/\/plombier-paris.ovh\/wp-content\/uploads\/2025\/10\/cropped-Logoplombierelbilia-cut.png","contentUrl":"https:\/\/plombier-paris.ovh\/wp-content\/uploads\/2025\/10\/cropped-Logoplombierelbilia-cut.png","width":512,"height":512,"caption":"Plombier-Paris"},"image":{"@id":"https:\/\/plombier-paris.ovh\/#\/schema\/logo\/image\/"}}]}},"_links":{"self":[{"href":"https:\/\/plombier-paris.ovh\/index.php\/wp-json\/wp\/v2\/pages\/165","targetHints":{"allow":["GET"]}}],"collection":[{"href":"https:\/\/plombier-paris.ovh\/index.php\/wp-json\/wp\/v2\/pages"}],"about":[{"href":"https:\/\/plombier-paris.ovh\/index.php\/wp-json\/wp\/v2\/types\/page"}],"author":[{"embeddable":true,"href":"https:\/\/plombier-paris.ovh\/index.php\/wp-json\/wp\/v2\/users\/1"}],"replies":[{"embeddable":true,"href":"https:\/\/plombier-paris.ovh\/index.php\/wp-json\/wp\/v2\/comments?post=165"}],"version-history":[{"count":13,"href":"https:\/\/plombier-paris.ovh\/index.php\/wp-json\/wp\/v2\/pages\/165\/revisions"}],"predecessor-version":[{"id":331,"href":"https:\/\/plombier-paris.ovh\/index.php\/wp-json\/wp\/v2\/pages\/165\/revisions\/331"}],"wp:attachment":[{"href":"https:\/\/plombier-paris.ovh\/index.php\/wp-json\/wp\/v2\/media?parent=165"}],"curies":[{"name":"wp","href":"https:\/\/api.w.org\/{rel}","templated":true}]}}