{"id":171,"date":"2025-10-16T11:53:48","date_gmt":"2025-10-16T11:53:48","guid":{"rendered":"http:\/\/plombier-paris.ovh\/?page_id=171"},"modified":"2025-11-04T14:50:20","modified_gmt":"2025-11-04T14:50:20","slug":"plomberie","status":"publish","type":"page","link":"https:\/\/plombier-paris.ovh\/index.php\/plomberie\/","title":{"rendered":"D\u00e9pannage Plomberie"},"content":{"rendered":"\n<h2 class=\"wp-block-heading alignwide has-xxx-large-font-size wp-container-content-958eb9dc\">D\u00e9pannage Plomberie<\/h2>\n\n\n\n<p>Rapide et efficace, notre \u00e9quipe de plombiers qualifi\u00e9s intervient 24 heures sur 24, 7 jours sur 7, pour r\u00e9soudre tous vos probl\u00e8mes de fuite d\u2019eau ou de gaz ou de canalisation bouch\u00e9e.&nbsp;<\/p>\n\n\n\n<p class=\"has-black-color has-text-color has-link-color wp-elements-818b6c084f60ddfd1724ea6b60cabd11\">Si vous constatez une fuite d\u2019eau ou de gaz, coupez l\u2019eau ou le compteur de gaz. Et appelez le <a href=\"tel:0145189859\">01 45 18 98 59<\/a> pour r\u00e9soudre ce probleme de fuite.<\/p>\n\n\n\n<p><\/p>\n\n\n\n<h2 class=\"wp-block-heading\">R\u00e9paration de Chauffe-Eau&nbsp;<\/h2>\n\n\n\n<p>Les chauffe-eau, \u00e9lectriques ou \u00e0 gaz, sont indispensables au quotidien.&nbsp; Plombier Paris et val de marne, vous d\u00e9panne au plus vite en cas de dysfonctionnement&nbsp;ou de fuite.&nbsp;<\/p>\n\n\n\n<p>Nous commen\u00e7ons par un diagnostic complet : v\u00e9rification de la r\u00e9sistance, du thermostat et des connexions. Par exemple, une fuite au niveau du groupe de s\u00e9curit\u00e9 est courante faute de manipulation tel que recommand\u00e9e par le fabricant. Si votre appareil ne chauffe plus, cela peut provenir de la r\u00e9sistance ou tu thermostat ou simplement une panne \u00e9lectrique.&nbsp;<\/p>\n\n\n\n<p class=\"has-black-color has-text-color has-link-color has-xxx-large-font-size wp-elements-b9be99dd8ed4b57d580d790becbd60d0\">Appelez le <a href=\"tel:0145189859\">01 45 18 98 59<\/a> pour une intervention rapide afin d\u2019\u00e9viter \u00e0 vos enfants une douche froide ou pas de douche pour aller \u00e0 l\u2019\u00e9cole.&nbsp;<\/p>\n\n\n\n<p><\/p>\n\n\n\n<h2 class=\"wp-block-heading\">D\u00e9pannage WC: water closet<\/h2>\n\n\n\n<p class=\"has-black-color has-text-color has-link-color wp-elements-6ea0428efbf5a735c4589d52f1bbb662\">Un souci avec votre chasse d\u2019eau? La plupart des syst\u00e8mes de chasses d\u2019eau sont standards hormis pour les WC suspendus. Quel que soit votre syst\u00e8me de chasse en appelant le <a href=\"tel:0145189859\">01 45 18 98 59<\/a> un plombier interviendra dans la journ\u00e9e.<\/p>\n\n\n\n<p class=\"has-black-color has-text-color has-link-color wp-elements-0091a90d13f6cc5dd784390692ee9943\">Si vous constatez une fuite autour de la cuvette, avant d\u2019appeler le plombier au <a href=\"tel:0145189859\">01 45 18 98 59<\/a> assurez-vous que les gar\u00e7ons pissent bien dans la cuvette. Si ce n\u2019est d\u00fb a une mauvaise utilisation, la fuite provient probablement du joint entre le r\u00e9servoir de chasse et la cuvette ou du raccord de l\u2019\u00e9vacuation.<\/p>\n\n\n\n<p><\/p>\n\n\n\n<h2 class=\"wp-block-heading\">Installation et d\u00e9pannage de plomberie<\/h2>\n\n\n\n<p>Plombier Paris \u00e0 votre service pour toute installation et d\u00e9pannage. Toutes nos installations sont couvertes par notre savoir-faire et une garantie d\u00e9cennale. Nous assurons un service apr\u00e8s vente de nos ouvrages ainsi que les r\u00e9parations d\u2019installations existantes. Pour les installations ou modifications de tuyauterie de gaz, nous avons les comp\u00e9tences pour ex\u00e9cuter tous travaux de r\u00e9paration, modification et installation. Plombier Paris vous fournira un certicat de conformit\u00e9 apr\u00e8s toute installation de gaz.<\/p>\n\n\n\n<p><\/p>\n","protected":false},"excerpt":{"rendered":"<p>D\u00e9pannage Plomberie Rapide et efficace, notre \u00e9quipe de plombiers qualifi\u00e9s intervient 24 heures sur 24, [&hellip;]<\/p>\n","protected":false},"author":1,"featured_media":0,"parent":0,"menu_order":0,"comment_status":"closed","ping_status":"closed","template":"","meta":{"footnotes":""},"class_list":["post-171","page","type-page","status-publish","hentry"],"yoast_head":"<!-- This site is optimized with the Yoast SEO plugin v26.1.1 - https:\/\/yoast.com\/wordpress\/plugins\/seo\/ -->\n<title>D\u00e9pannage Plomberie - Informations l\u00e9gales<\/title>\n<meta name=\"robots\" content=\"index, follow, max-snippet:-1, max-image-preview:large, max-video-preview:-1\" \/>\n<link rel=\"canonical\" href=\"https:\/\/plombier-paris.ovh\/index.php\/plomberie\/\" \/>\n<meta property=\"og:locale\" content=\"fr_FR\" \/>\n<meta property=\"og:type\" content=\"article\" \/>\n<meta property=\"og:title\" content=\"D\u00e9pannage Plomberie - Informations l\u00e9gales\" \/>\n<meta property=\"og:description\" content=\"D\u00e9pannage Plomberie Rapide et efficace, notre \u00e9quipe de plombiers qualifi\u00e9s intervient 24 heures sur 24, [&hellip;]\" \/>\n<meta property=\"og:url\" content=\"https:\/\/plombier-paris.ovh\/index.php\/plomberie\/\" \/>\n<meta property=\"og:site_name\" content=\"Informations l\u00e9gales\" \/>\n<meta property=\"article:modified_time\" content=\"2025-11-04T14:50:20+00:00\" \/>\n<meta property=\"og:image\" content=\"https:\/\/plombier-paris.ovh\/wp-content\/uploads\/2025\/11\/logo-transparent-pdf.png\" \/>\n\t<meta property=\"og:image:width\" content=\"1649\" \/>\n\t<meta property=\"og:image:height\" content=\"1304\" \/>\n\t<meta property=\"og:image:type\" content=\"image\/png\" \/>\n<meta name=\"twitter:card\" content=\"summary_large_image\" \/>\n<meta name=\"twitter:label1\" content=\"Dur\u00e9e de lecture estim\u00e9e\" \/>\n\t<meta name=\"twitter:data1\" content=\"2 minutes\" \/>\n<script type=\"application\/ld+json\" class=\"yoast-schema-graph\">{\"@context\":\"https:\/\/schema.org\",\"@graph\":[{\"@type\":\"WebPage\",\"@id\":\"https:\/\/plombier-paris.ovh\/index.php\/plomberie\/\",\"url\":\"https:\/\/plombier-paris.ovh\/index.php\/plomberie\/\",\"name\":\"D\u00e9pannage Plomberie - Informations l\u00e9gales\",\"isPartOf\":{\"@id\":\"https:\/\/plombier-paris.ovh\/#website\"},\"datePublished\":\"2025-10-16T11:53:48+00:00\",\"dateModified\":\"2025-11-04T14:50:20+00:00\",\"breadcrumb\":{\"@id\":\"https:\/\/plombier-paris.ovh\/index.php\/plomberie\/#breadcrumb\"},\"inLanguage\":\"fr-FR\",\"potentialAction\":[{\"@type\":\"ReadAction\",\"target\":[\"https:\/\/plombier-paris.ovh\/index.php\/plomberie\/\"]}]},{\"@type\":\"BreadcrumbList\",\"@id\":\"https:\/\/plombier-paris.ovh\/index.php\/plomberie\/#breadcrumb\",\"itemListElement\":[{\"@type\":\"ListItem\",\"position\":1,\"name\":\"Accueil\",\"item\":\"https:\/\/plombier-paris.ovh\/\"},{\"@type\":\"ListItem\",\"position\":2,\"name\":\"D\u00e9pannage Plomberie\"}]},{\"@type\":\"WebSite\",\"@id\":\"https:\/\/plombier-paris.ovh\/#website\",\"url\":\"https:\/\/plombier-paris.ovh\/\",\"name\":\"Plombier-Paris\",\"description\":\"Plombier-Paris &amp; Val-de-Marne. 7J\/7\",\"publisher\":{\"@id\":\"https:\/\/plombier-paris.ovh\/#organization\"},\"potentialAction\":[{\"@type\":\"SearchAction\",\"target\":{\"@type\":\"EntryPoint\",\"urlTemplate\":\"https:\/\/plombier-paris.ovh\/?s={search_term_string}\"},\"query-input\":{\"@type\":\"PropertyValueSpecification\",\"valueRequired\":true,\"valueName\":\"search_term_string\"}}],\"inLanguage\":\"fr-FR\"},{\"@type\":\"Organization\",\"@id\":\"https:\/\/plombier-paris.ovh\/#organization\",\"name\":\"Plombier-Paris\",\"url\":\"https:\/\/plombier-paris.ovh\/\",\"logo\":{\"@type\":\"ImageObject\",\"inLanguage\":\"fr-FR\",\"@id\":\"https:\/\/plombier-paris.ovh\/#\/schema\/logo\/image\/\",\"url\":\"https:\/\/plombier-paris.ovh\/wp-content\/uploads\/2025\/10\/cropped-Logoplombierelbilia-cut.png\",\"contentUrl\":\"https:\/\/plombier-paris.ovh\/wp-content\/uploads\/2025\/10\/cropped-Logoplombierelbilia-cut.png\",\"width\":512,\"height\":512,\"caption\":\"Plombier-Paris\"},\"image\":{\"@id\":\"https:\/\/plombier-paris.ovh\/#\/schema\/logo\/image\/\"}}]}<\/script>\n<!-- \/ Yoast SEO plugin. -->","yoast_head_json":{"title":"D\u00e9pannage Plomberie - Informations l\u00e9gales","robots":{"index":"index","follow":"follow","max-snippet":"max-snippet:-1","max-image-preview":"max-image-preview:large","max-video-preview":"max-video-preview:-1"},"canonical":"https:\/\/plombier-paris.ovh\/index.php\/plomberie\/","og_locale":"fr_FR","og_type":"article","og_title":"D\u00e9pannage Plomberie - Informations l\u00e9gales","og_description":"D\u00e9pannage Plomberie Rapide et efficace, notre \u00e9quipe de plombiers qualifi\u00e9s intervient 24 heures sur 24, [&hellip;]","og_url":"https:\/\/plombier-paris.ovh\/index.php\/plomberie\/","og_site_name":"Informations l\u00e9gales","article_modified_time":"2025-11-04T14:50:20+00:00","og_image":[{"width":1649,"height":1304,"url":"https:\/\/plombier-paris.ovh\/wp-content\/uploads\/2025\/11\/logo-transparent-pdf.png","type":"image\/png"}],"twitter_card":"summary_large_image","twitter_misc":{"Dur\u00e9e de lecture estim\u00e9e":"2 minutes"},"schema":{"@context":"https:\/\/schema.org","@graph":[{"@type":"WebPage","@id":"https:\/\/plombier-paris.ovh\/index.php\/plomberie\/","url":"https:\/\/plombier-paris.ovh\/index.php\/plomberie\/","name":"D\u00e9pannage Plomberie - Informations l\u00e9gales","isPartOf":{"@id":"https:\/\/plombier-paris.ovh\/#website"},"datePublished":"2025-10-16T11:53:48+00:00","dateModified":"2025-11-04T14:50:20+00:00","breadcrumb":{"@id":"https:\/\/plombier-paris.ovh\/index.php\/plomberie\/#breadcrumb"},"inLanguage":"fr-FR","potentialAction":[{"@type":"ReadAction","target":["https:\/\/plombier-paris.ovh\/index.php\/plomberie\/"]}]},{"@type":"BreadcrumbList","@id":"https:\/\/plombier-paris.ovh\/index.php\/plomberie\/#breadcrumb","itemListElement":[{"@type":"ListItem","position":1,"name":"Accueil","item":"https:\/\/plombier-paris.ovh\/"},{"@type":"ListItem","position":2,"name":"D\u00e9pannage Plomberie"}]},{"@type":"WebSite","@id":"https:\/\/plombier-paris.ovh\/#website","url":"https:\/\/plombier-paris.ovh\/","name":"Plombier-Paris","description":"Plombier-Paris &amp; Val-de-Marne. 7J\/7","publisher":{"@id":"https:\/\/plombier-paris.ovh\/#organization"},"potentialAction":[{"@type":"SearchAction","target":{"@type":"EntryPoint","urlTemplate":"https:\/\/plombier-paris.ovh\/?s={search_term_string}"},"query-input":{"@type":"PropertyValueSpecification","valueRequired":true,"valueName":"search_term_string"}}],"inLanguage":"fr-FR"},{"@type":"Organization","@id":"https:\/\/plombier-paris.ovh\/#organization","name":"Plombier-Paris","url":"https:\/\/plombier-paris.ovh\/","logo":{"@type":"ImageObject","inLanguage":"fr-FR","@id":"https:\/\/plombier-paris.ovh\/#\/schema\/logo\/image\/","url":"https:\/\/plombier-paris.ovh\/wp-content\/uploads\/2025\/10\/cropped-Logoplombierelbilia-cut.png","contentUrl":"https:\/\/plombier-paris.ovh\/wp-content\/uploads\/2025\/10\/cropped-Logoplombierelbilia-cut.png","width":512,"height":512,"caption":"Plombier-Paris"},"image":{"@id":"https:\/\/plombier-paris.ovh\/#\/schema\/logo\/image\/"}}]}},"_links":{"self":[{"href":"https:\/\/plombier-paris.ovh\/index.php\/wp-json\/wp\/v2\/pages\/171","targetHints":{"allow":["GET"]}}],"collection":[{"href":"https:\/\/plombier-paris.ovh\/index.php\/wp-json\/wp\/v2\/pages"}],"about":[{"href":"https:\/\/plombier-paris.ovh\/index.php\/wp-json\/wp\/v2\/types\/page"}],"author":[{"embeddable":true,"href":"https:\/\/plombier-paris.ovh\/index.php\/wp-json\/wp\/v2\/users\/1"}],"replies":[{"embeddable":true,"href":"https:\/\/plombier-paris.ovh\/index.php\/wp-json\/wp\/v2\/comments?post=171"}],"version-history":[{"count":12,"href":"https:\/\/plombier-paris.ovh\/index.php\/wp-json\/wp\/v2\/pages\/171\/revisions"}],"predecessor-version":[{"id":377,"href":"https:\/\/plombier-paris.ovh\/index.php\/wp-json\/wp\/v2\/pages\/171\/revisions\/377"}],"wp:attachment":[{"href":"https:\/\/plombier-paris.ovh\/index.php\/wp-json\/wp\/v2\/media?parent=171"}],"curies":[{"name":"wp","href":"https:\/\/api.w.org\/{rel}","templated":true}]}}